{"id":7467,"date":"2024-10-21T21:49:44","date_gmt":"2024-10-21T19:49:44","guid":{"rendered":"https:\/\/www.greencampbridge.it\/regole-parcheggio\/"},"modified":"2026-01-11T14:40:43","modified_gmt":"2026-01-11T13:40:43","slug":"regole-parcheggio","status":"publish","type":"page","link":"https:\/\/www.greencampbridge.it\/de\/regole-parcheggio\/","title":{"rendered":"Parkregeln"},"content":{"rendered":"\t\t<div data-elementor-type=\"wp-post\" data-elementor-id=\"7467\" class=\"elementor elementor-7467 elementor-7419\" data-elementor-settings=\"[]\">\n\t\t\t\t\t\t\t<div class=\"elementor-section-wrap\">\n\t\t\t\t\t\t\t<section class=\"elementor-section-custom-divider elementor-section elementor-top-section elementor-element elementor-element-1b6ca7e elementor-section-stretched elementor-section-boxed elementor-section-height-default elementor-section-height-default\" data-id=\"1b6ca7e\" data-element_type=\"section\" data-settings=\"{&quot;stretch_section&quot;:&quot;section-stretched&quot;,&quot;background_background&quot;:&quot;gradient&quot;}\">\n\t\t\t\t\t\t<div class=\"elementor-container elementor-column-gap-default\">\n\t\t\t\t\t<div class=\"elementor-column elementor-col-100 elementor-top-column elementor-element elementor-element-3a1f9a6\" data-id=\"3a1f9a6\" data-element_type=\"column\">\n\t\t\t<div class=\"elementor-widget-wrap elementor-element-populated\">\n\t\t\t\t\t\t\t\t<div class=\"elementor-element elementor-element-49937a7 elementor-widget elementor-widget-heading\" data-id=\"49937a7\" data-element_type=\"widget\" data-widget_type=\"heading.default\">\n\t\t\t\t<div class=\"elementor-widget-container\">\n\t\t\t<h2 class=\"elementor-heading-title elementor-size-default\">Parkregeln<\/h2>\t\t<\/div>\n\t\t\t\t<\/div>\n\t\t\t\t<div class=\"elementor-element elementor-element-879d4d7 elementor-widget elementor-widget-text-editor\" data-id=\"879d4d7\" data-element_type=\"widget\" data-widget_type=\"text-editor.default\">\n\t\t\t\t<div class=\"elementor-widget-container\">\n\t\t\t\t\t\t\t<p><strong>&#8211; Das Wohnmobil\/der Wohnwagen\/der Van muss in der N\u00e4he der Steckdosen des eigenen Stellplatzes positioniert werden, wobei die Vorderseite des Fahrzeugs zum See zeigen muss.<\/strong> Es ist daher nicht m\u00f6glich, das eventuelle Heckfenster zu nutzen, um den See zu sehen (Typ PHOENIX).<em> Siehe Beispiel unten.<\/em><\/p><p><br \/><strong>&#8211; Es ist au\u00dferdem nicht gestattet, Zelte oder Pavillons aufzustellen, die die Sicht auf die hinteren Stellpl\u00e4tze einschr\u00e4nken.<\/strong><\/p><p><strong>&#8211; Es ist au\u00dferdem nicht gestattet, die Markise des Wohnmobils mit senkrechten W\u00e4nden zu erg\u00e4nzen (nur Vorzelte mit Dach und Befestigungsvorrichtungen sind erlaubt)<\/strong><strong>.<\/strong><\/p><p>Einzige Ausnahmen, die nicht diesen Regeln unterliegen, sind Eckstellpl\u00e4tze in der letzten Reihe:<br \/>1 &#8211; Stellpl\u00e4tze Nr. <strong>09, 27, 15<\/strong>.<br \/>2 &#8211; Wohnmobile mit Rechtslenkung (in Gro\u00dfbritannien \u00fcblich): Einzelfallpr\u00fcfung durch die Direktion.<\/p><p><strong>&#8211; MUSIK: In geschlossenen Fahrzeugen ist Musik bei sehr geringer Lautst\u00e4rke erlaubt. Au\u00dferhalb der Fahrzeuge wird davon jedoch dringend abgeraten. In jedem Fall muss die Lautst\u00e4rke zu jeder Zeit die Ruhe und Erholung der anderen G\u00e4ste respektieren.<\/strong><\/p><p>Auf diese Weise wird die Privatsph\u00e4re jeder Gruppe und der Blick auf den See von allen Stellpl\u00e4tzen aus gew\u00e4hrleistet, auch von denen in den hinteren Reihen.<\/p>\t\t\t\t\t\t<\/div>\n\t\t\t\t<\/div>\n\t\t\t\t\t<\/div>\n\t\t<\/div>\n\t\t\t\t\t\t\t<\/div>\n\t\t<\/section>\n\t\t\t\t<section class=\"elementor-section elementor-top-section elementor-element elementor-element-4cebe8a elementor-section-boxed elementor-section-height-default elementor-section-height-default\" data-id=\"4cebe8a\" data-element_type=\"section\" data-settings=\"{&quot;background_background&quot;:&quot;classic&quot;}\">\n\t\t\t\t\t\t<div class=\"elementor-container elementor-column-gap-default\">\n\t\t\t\t\t<div class=\"elementor-column elementor-col-100 elementor-top-column elementor-element elementor-element-6bc9eee\" data-id=\"6bc9eee\" data-element_type=\"column\">\n\t\t\t<div class=\"elementor-widget-wrap elementor-element-populated\">\n\t\t\t\t\t\t\t\t<div class=\"elementor-element elementor-element-6d8afad elementor-widget elementor-widget-image\" data-id=\"6d8afad\" data-element_type=\"widget\" data-widget_type=\"image.default\">\n\t\t\t\t<div class=\"elementor-widget-container\">\n\t\t\t\t\t\t\t\t\t\t\t\t\t\t\t<img loading=\"lazy\" decoding=\"async\" width=\"844\" height=\"504\" src=\"https:\/\/www.greencampbridge.it\/wp-content\/uploads\/2024\/11\/phoenix_retro_ok-1-1024x612.jpg\" class=\"attachment-large size-large\" alt=\"\" srcset=\"https:\/\/www.greencampbridge.it\/wp-content\/uploads\/2024\/11\/phoenix_retro_ok-1-1024x612.jpg 1024w, https:\/\/www.greencampbridge.it\/wp-content\/uploads\/2024\/11\/phoenix_retro_ok-1-300x179.jpg 300w, https:\/\/www.greencampbridge.it\/wp-content\/uploads\/2024\/11\/phoenix_retro_ok-1-768x459.jpg 768w, https:\/\/www.greencampbridge.it\/wp-content\/uploads\/2024\/11\/phoenix_retro_ok-1-1536x918.jpg 1536w, https:\/\/www.greencampbridge.it\/wp-content\/uploads\/2024\/11\/phoenix_retro_ok-1-891x532.jpg 891w, https:\/\/www.greencampbridge.it\/wp-content\/uploads\/2024\/11\/phoenix_retro_ok-1.jpg 1766w\" sizes=\"auto, (max-width: 844px) 100vw, 844px\" \/>\t\t\t\t\t\t\t\t\t\t\t\t\t\t\t<\/div>\n\t\t\t\t<\/div>\n\t\t\t\t<div class=\"elementor-element elementor-element-69719a1 elementor-widget elementor-widget-image\" data-id=\"69719a1\" data-element_type=\"widget\" data-widget_type=\"image.default\">\n\t\t\t\t<div class=\"elementor-widget-container\">\n\t\t\t\t\t\t\t\t\t\t\t\t\t\t\t\t<a href=\"https:\/\/www.greencampbridge.it\/wp-content\/uploads\/2024\/10\/park_back_front_1.jpg\" data-elementor-open-lightbox=\"yes\" data-elementor-lightbox-title=\"park_back_front_1\" e-action-hash=\"#elementor-action%3Aaction%3Dlightbox%26settings%3DeyJpZCI6NzQzNSwidXJsIjoiaHR0cHM6XC9cL3d3dy5ncmVlbmNhbXBicmlkZ2UuaXRcL3dwLWNvbnRlbnRcL3VwbG9hZHNcLzIwMjRcLzEwXC9wYXJrX2JhY2tfZnJvbnRfMS5qcGcifQ%3D%3D\">\n\t\t\t\t\t\t\t<img loading=\"lazy\" decoding=\"async\" width=\"844\" height=\"354\" src=\"https:\/\/www.greencampbridge.it\/wp-content\/uploads\/2024\/10\/park_back_front_1-1024x430.jpg\" class=\"attachment-large size-large\" alt=\"\" srcset=\"https:\/\/www.greencampbridge.it\/wp-content\/uploads\/2024\/10\/park_back_front_1-1024x430.jpg 1024w, https:\/\/www.greencampbridge.it\/wp-content\/uploads\/2024\/10\/park_back_front_1-300x126.jpg 300w, https:\/\/www.greencampbridge.it\/wp-content\/uploads\/2024\/10\/park_back_front_1-768x322.jpg 768w, https:\/\/www.greencampbridge.it\/wp-content\/uploads\/2024\/10\/park_back_front_1-1536x645.jpg 1536w, https:\/\/www.greencampbridge.it\/wp-content\/uploads\/2024\/10\/park_back_front_1-891x374.jpg 891w, https:\/\/www.greencampbridge.it\/wp-content\/uploads\/2024\/10\/park_back_front_1.jpg 2041w\" sizes=\"auto, (max-width: 844px) 100vw, 844px\" \/>\t\t\t\t\t\t\t\t<\/a>\n\t\t\t\t\t\t\t\t\t\t\t\t\t\t\t<\/div>\n\t\t\t\t<\/div>\n\t\t\t\t\t<\/div>\n\t\t<\/div>\n\t\t\t\t\t\t\t<\/div>\n\t\t<\/section>\n\t\t\t\t<section class=\"elementor-section elementor-top-section elementor-element elementor-element-35b4058 elementor-section-boxed elementor-section-height-default elementor-section-height-default\" data-id=\"35b4058\" data-element_type=\"section\">\n\t\t\t\t\t\t<div class=\"elementor-container elementor-column-gap-default\">\n\t\t\t\t\t<div class=\"elementor-column elementor-col-50 elementor-top-column elementor-element elementor-element-4491c4b\" data-id=\"4491c4b\" data-element_type=\"column\">\n\t\t\t<div class=\"elementor-widget-wrap elementor-element-populated\">\n\t\t\t\t\t\t\t\t<div class=\"elementor-element elementor-element-98df661 elementor-widget elementor-widget-image\" data-id=\"98df661\" data-element_type=\"widget\" data-widget_type=\"image.default\">\n\t\t\t\t<div class=\"elementor-widget-container\">\n\t\t\t\t\t\t\t\t\t\t\t\t\t\t\t<img loading=\"lazy\" decoding=\"async\" width=\"844\" height=\"312\" src=\"https:\/\/www.greencampbridge.it\/wp-content\/uploads\/2024\/10\/park_back_front_2-1024x378.jpg\" class=\"attachment-large size-large\" alt=\"\" srcset=\"https:\/\/www.greencampbridge.it\/wp-content\/uploads\/2024\/10\/park_back_front_2-1024x378.jpg 1024w, https:\/\/www.greencampbridge.it\/wp-content\/uploads\/2024\/10\/park_back_front_2-300x111.jpg 300w, https:\/\/www.greencampbridge.it\/wp-content\/uploads\/2024\/10\/park_back_front_2-768x283.jpg 768w, https:\/\/www.greencampbridge.it\/wp-content\/uploads\/2024\/10\/park_back_front_2-1536x567.jpg 1536w, https:\/\/www.greencampbridge.it\/wp-content\/uploads\/2024\/10\/park_back_front_2-2048x756.jpg 2048w, https:\/\/www.greencampbridge.it\/wp-content\/uploads\/2024\/10\/park_back_front_2-891x329.jpg 891w\" sizes=\"auto, (max-width: 844px) 100vw, 844px\" \/>\t\t\t\t\t\t\t\t\t\t\t\t\t\t\t<\/div>\n\t\t\t\t<\/div>\n\t\t\t\t\t<\/div>\n\t\t<\/div>\n\t\t\t\t<div class=\"elementor-column elementor-col-50 elementor-top-column elementor-element elementor-element-d69513f\" data-id=\"d69513f\" data-element_type=\"column\">\n\t\t\t<div class=\"elementor-widget-wrap elementor-element-populated\">\n\t\t\t\t\t\t\t\t<div class=\"elementor-element elementor-element-2bb3065 elementor-widget elementor-widget-image\" data-id=\"2bb3065\" data-element_type=\"widget\" data-widget_type=\"image.default\">\n\t\t\t\t<div class=\"elementor-widget-container\">\n\t\t\t\t\t\t\t\t\t\t\t\t\t\t\t<img loading=\"lazy\" decoding=\"async\" width=\"844\" height=\"312\" src=\"https:\/\/www.greencampbridge.it\/wp-content\/uploads\/2024\/10\/park_back_front_3-1024x378.jpg\" class=\"attachment-large size-large\" alt=\"\" srcset=\"https:\/\/www.greencampbridge.it\/wp-content\/uploads\/2024\/10\/park_back_front_3-1024x378.jpg 1024w, https:\/\/www.greencampbridge.it\/wp-content\/uploads\/2024\/10\/park_back_front_3-300x111.jpg 300w, https:\/\/www.greencampbridge.it\/wp-content\/uploads\/2024\/10\/park_back_front_3-768x283.jpg 768w, https:\/\/www.greencampbridge.it\/wp-content\/uploads\/2024\/10\/park_back_front_3-1536x567.jpg 1536w, https:\/\/www.greencampbridge.it\/wp-content\/uploads\/2024\/10\/park_back_front_3-2048x756.jpg 2048w, https:\/\/www.greencampbridge.it\/wp-content\/uploads\/2024\/10\/park_back_front_3-891x329.jpg 891w\" sizes=\"auto, (max-width: 844px) 100vw, 844px\" \/>\t\t\t\t\t\t\t\t\t\t\t\t\t\t\t<\/div>\n\t\t\t\t<\/div>\n\t\t\t\t\t<\/div>\n\t\t<\/div>\n\t\t\t\t\t\t\t<\/div>\n\t\t<\/section>\n\t\t\t\t<section class=\"elementor-section elementor-top-section elementor-element elementor-element-06f3284 elementor-section-boxed elementor-section-height-default elementor-section-height-default\" data-id=\"06f3284\" data-element_type=\"section\">\n\t\t\t\t\t\t<div class=\"elementor-container elementor-column-gap-default\">\n\t\t\t\t\t<div class=\"elementor-column elementor-col-100 elementor-top-column elementor-element elementor-element-734eee2\" data-id=\"734eee2\" data-element_type=\"column\">\n\t\t\t<div class=\"elementor-widget-wrap elementor-element-populated\">\n\t\t\t\t\t\t\t\t<div class=\"elementor-element elementor-element-da4823e elementor-widget elementor-widget-image\" data-id=\"da4823e\" data-element_type=\"widget\" data-widget_type=\"image.default\">\n\t\t\t\t<div class=\"elementor-widget-container\">\n\t\t\t\t\t\t\t\t\t\t\t\t\t\t\t<img loading=\"lazy\" decoding=\"async\" width=\"844\" height=\"312\" src=\"https:\/\/www.greencampbridge.it\/wp-content\/uploads\/2024\/10\/park_back_front_4-1024x378.jpg\" class=\"attachment-large size-large\" alt=\"\" srcset=\"https:\/\/www.greencampbridge.it\/wp-content\/uploads\/2024\/10\/park_back_front_4-1024x378.jpg 1024w, https:\/\/www.greencampbridge.it\/wp-content\/uploads\/2024\/10\/park_back_front_4-300x111.jpg 300w, https:\/\/www.greencampbridge.it\/wp-content\/uploads\/2024\/10\/park_back_front_4-768x283.jpg 768w, https:\/\/www.greencampbridge.it\/wp-content\/uploads\/2024\/10\/park_back_front_4-1536x567.jpg 1536w, https:\/\/www.greencampbridge.it\/wp-content\/uploads\/2024\/10\/park_back_front_4-2048x756.jpg 2048w, https:\/\/www.greencampbridge.it\/wp-content\/uploads\/2024\/10\/park_back_front_4-891x329.jpg 891w\" sizes=\"auto, (max-width: 844px) 100vw, 844px\" \/>\t\t\t\t\t\t\t\t\t\t\t\t\t\t\t<\/div>\n\t\t\t\t<\/div>\n\t\t\t\t\t<\/div>\n\t\t<\/div>\n\t\t\t\t\t\t\t<\/div>\n\t\t<\/section>\n\t\t\t\t<section class=\"elementor-section elementor-top-section elementor-element elementor-element-a2d7966 elementor-section-boxed elementor-section-height-default elementor-section-height-default\" data-id=\"a2d7966\" data-element_type=\"section\">\n\t\t\t\t\t\t<div class=\"elementor-container elementor-column-gap-default\">\n\t\t\t\t\t<div class=\"elementor-column elementor-col-100 elementor-top-column elementor-element elementor-element-d637577\" data-id=\"d637577\" data-element_type=\"column\">\n\t\t\t<div class=\"elementor-widget-wrap\">\n\t\t\t\t\t\t\t\t\t<\/div>\n\t\t<\/div>\n\t\t\t\t\t\t\t<\/div>\n\t\t<\/section>\n\t\t\t\t\t\t<\/div>\n\t\t\t\t\t<\/div>\n\t\t","protected":false},"excerpt":{"rendered":"<p>Parkregeln &#8211; Das Wohnmobil\/der Wohnwagen\/der Van muss in der N\u00e4he der Steckdosen des eigenen Stellplatzes positioniert werden, wobei die Vorderseite des Fahrzeugs zum See zeigen muss. Es ist daher nicht m\u00f6glich, das eventuelle Heckfenster zu nutzen, um den See zu sehen (Typ PHOENIX). Siehe Beispiel unten. &#8211; Es ist au\u00dferdem nicht gestattet, Zelte oder Pavillons [&hellip;]<\/p>\n","protected":false},"author":1,"featured_media":3133,"parent":0,"menu_order":0,"comment_status":"closed","ping_status":"closed","template":"","meta":{"inline_featured_image":false,"ngg_post_thumbnail":0,"_joinchat":[],"footnotes":""},"class_list":["post-7467","page","type-page","status-publish","has-post-thumbnail","hentry"],"yoast_head":"<!-- This site is optimized with the Yoast SEO plugin v19.3 - https:\/\/yoast.com\/wordpress\/plugins\/seo\/ -->\n<title>Parkregeln - Green Camp Bridge<\/title>\n<meta name=\"robots\" content=\"index, follow, max-snippet:-1, max-image-preview:large, max-video-preview:-1\" \/>\n<link rel=\"canonical\" href=\"https:\/\/www.greencampbridge.it\/de\/regole-parcheggio\/\" \/>\n<meta property=\"og:locale\" content=\"de_DE\" \/>\n<meta property=\"og:type\" content=\"article\" \/>\n<meta property=\"og:title\" content=\"Parkregeln - Green Camp Bridge\" \/>\n<meta property=\"og:description\" content=\"Parkregeln &#8211; Das Wohnmobil\/der Wohnwagen\/der Van muss in der N\u00e4he der Steckdosen des eigenen Stellplatzes positioniert werden, wobei die Vorderseite des Fahrzeugs zum See zeigen muss. Es ist daher nicht m\u00f6glich, das eventuelle Heckfenster zu nutzen, um den See zu sehen (Typ PHOENIX). Siehe Beispiel unten. &#8211; Es ist au\u00dferdem nicht gestattet, Zelte oder Pavillons [&hellip;]\" \/>\n<meta property=\"og:url\" content=\"https:\/\/www.greencampbridge.it\/de\/regole-parcheggio\/\" \/>\n<meta property=\"og:site_name\" content=\"Green Camp Bridge\" \/>\n<meta property=\"article:modified_time\" content=\"2026-01-11T13:40:43+00:00\" \/>\n<meta property=\"og:image\" content=\"https:\/\/www.greencampbridge.it\/wp-content\/uploads\/2021\/10\/fascia12.jpg\" \/>\n\t<meta property=\"og:image:width\" content=\"1960\" \/>\n\t<meta property=\"og:image:height\" content=\"266\" \/>\n\t<meta property=\"og:image:type\" content=\"image\/jpeg\" \/>\n<meta name=\"twitter:card\" content=\"summary_large_image\" \/>\n<meta name=\"twitter:label1\" content=\"Gesch\u00e4tzte Lesezeit\" \/>\n\t<meta name=\"twitter:data1\" content=\"8\u00a0Minuten\" \/>\n<script type=\"application\/ld+json\" class=\"yoast-schema-graph\">{\"@context\":\"https:\/\/schema.org\",\"@graph\":[{\"@type\":\"Organization\",\"@id\":\"https:\/\/digital-specialist.it\/greencampbridge\/#organization\",\"name\":\"Green Camp Bridge\",\"url\":\"https:\/\/digital-specialist.it\/greencampbridge\/\",\"sameAs\":[],\"logo\":{\"@type\":\"ImageObject\",\"inLanguage\":\"de\",\"@id\":\"https:\/\/digital-specialist.it\/greencampbridge\/#\/schema\/logo\/image\/\",\"url\":\"https:\/\/www.greencampbridge.it\/wp-content\/uploads\/2021\/08\/logo_vect_400-70.svg\",\"contentUrl\":\"https:\/\/www.greencampbridge.it\/wp-content\/uploads\/2021\/08\/logo_vect_400-70.svg\",\"width\":400,\"height\":70,\"caption\":\"Green Camp Bridge\"},\"image\":{\"@id\":\"https:\/\/digital-specialist.it\/greencampbridge\/#\/schema\/logo\/image\/\"}},{\"@type\":\"WebSite\",\"@id\":\"https:\/\/digital-specialist.it\/greencampbridge\/#website\",\"url\":\"https:\/\/digital-specialist.it\/greencampbridge\/\",\"name\":\"Green Camp Bridge\",\"description\":\"Agricampeggio\",\"publisher\":{\"@id\":\"https:\/\/digital-specialist.it\/greencampbridge\/#organization\"},\"potentialAction\":[{\"@type\":\"SearchAction\",\"target\":{\"@type\":\"EntryPoint\",\"urlTemplate\":\"https:\/\/digital-specialist.it\/greencampbridge\/?s={search_term_string}\"},\"query-input\":\"required name=search_term_string\"}],\"inLanguage\":\"de\"},{\"@type\":\"ImageObject\",\"inLanguage\":\"de\",\"@id\":\"https:\/\/www.greencampbridge.it\/de\/regole-parcheggio\/#primaryimage\",\"url\":\"https:\/\/www.greencampbridge.it\/wp-content\/uploads\/2021\/10\/fascia12.jpg\",\"contentUrl\":\"https:\/\/www.greencampbridge.it\/wp-content\/uploads\/2021\/10\/fascia12.jpg\",\"width\":1960,\"height\":266},{\"@type\":\"WebPage\",\"@id\":\"https:\/\/www.greencampbridge.it\/de\/regole-parcheggio\/\",\"url\":\"https:\/\/www.greencampbridge.it\/de\/regole-parcheggio\/\",\"name\":\"Parkregeln - Green Camp Bridge\",\"isPartOf\":{\"@id\":\"https:\/\/digital-specialist.it\/greencampbridge\/#website\"},\"primaryImageOfPage\":{\"@id\":\"https:\/\/www.greencampbridge.it\/de\/regole-parcheggio\/#primaryimage\"},\"datePublished\":\"2024-10-21T19:49:44+00:00\",\"dateModified\":\"2026-01-11T13:40:43+00:00\",\"breadcrumb\":{\"@id\":\"https:\/\/www.greencampbridge.it\/de\/regole-parcheggio\/#breadcrumb\"},\"inLanguage\":\"de\",\"potentialAction\":[{\"@type\":\"ReadAction\",\"target\":[\"https:\/\/www.greencampbridge.it\/de\/regole-parcheggio\/\"]}]},{\"@type\":\"BreadcrumbList\",\"@id\":\"https:\/\/www.greencampbridge.it\/de\/regole-parcheggio\/#breadcrumb\",\"itemListElement\":[{\"@type\":\"ListItem\",\"position\":1,\"name\":\"Home\",\"item\":\"https:\/\/www.greencampbridge.it\/de\/\"},{\"@type\":\"ListItem\",\"position\":2,\"name\":\"Parkregeln\"}]}]}<\/script>\n<!-- \/ Yoast SEO plugin. -->","yoast_head_json":{"title":"Parkregeln - Green Camp Bridge","robots":{"index":"index","follow":"follow","max-snippet":"max-snippet:-1","max-image-preview":"max-image-preview:large","max-video-preview":"max-video-preview:-1"},"canonical":"https:\/\/www.greencampbridge.it\/de\/regole-parcheggio\/","og_locale":"de_DE","og_type":"article","og_title":"Parkregeln - Green Camp Bridge","og_description":"Parkregeln &#8211; Das Wohnmobil\/der Wohnwagen\/der Van muss in der N\u00e4he der Steckdosen des eigenen Stellplatzes positioniert werden, wobei die Vorderseite des Fahrzeugs zum See zeigen muss. Es ist daher nicht m\u00f6glich, das eventuelle Heckfenster zu nutzen, um den See zu sehen (Typ PHOENIX). Siehe Beispiel unten. &#8211; Es ist au\u00dferdem nicht gestattet, Zelte oder Pavillons [&hellip;]","og_url":"https:\/\/www.greencampbridge.it\/de\/regole-parcheggio\/","og_site_name":"Green Camp Bridge","article_modified_time":"2026-01-11T13:40:43+00:00","og_image":[{"width":1960,"height":266,"url":"https:\/\/www.greencampbridge.it\/wp-content\/uploads\/2021\/10\/fascia12.jpg","type":"image\/jpeg"}],"twitter_card":"summary_large_image","twitter_misc":{"Gesch\u00e4tzte Lesezeit":"8\u00a0Minuten"},"schema":{"@context":"https:\/\/schema.org","@graph":[{"@type":"Organization","@id":"https:\/\/digital-specialist.it\/greencampbridge\/#organization","name":"Green Camp Bridge","url":"https:\/\/digital-specialist.it\/greencampbridge\/","sameAs":[],"logo":{"@type":"ImageObject","inLanguage":"de","@id":"https:\/\/digital-specialist.it\/greencampbridge\/#\/schema\/logo\/image\/","url":"https:\/\/www.greencampbridge.it\/wp-content\/uploads\/2021\/08\/logo_vect_400-70.svg","contentUrl":"https:\/\/www.greencampbridge.it\/wp-content\/uploads\/2021\/08\/logo_vect_400-70.svg","width":400,"height":70,"caption":"Green Camp Bridge"},"image":{"@id":"https:\/\/digital-specialist.it\/greencampbridge\/#\/schema\/logo\/image\/"}},{"@type":"WebSite","@id":"https:\/\/digital-specialist.it\/greencampbridge\/#website","url":"https:\/\/digital-specialist.it\/greencampbridge\/","name":"Green Camp Bridge","description":"Agricampeggio","publisher":{"@id":"https:\/\/digital-specialist.it\/greencampbridge\/#organization"},"potentialAction":[{"@type":"SearchAction","target":{"@type":"EntryPoint","urlTemplate":"https:\/\/digital-specialist.it\/greencampbridge\/?s={search_term_string}"},"query-input":"required name=search_term_string"}],"inLanguage":"de"},{"@type":"ImageObject","inLanguage":"de","@id":"https:\/\/www.greencampbridge.it\/de\/regole-parcheggio\/#primaryimage","url":"https:\/\/www.greencampbridge.it\/wp-content\/uploads\/2021\/10\/fascia12.jpg","contentUrl":"https:\/\/www.greencampbridge.it\/wp-content\/uploads\/2021\/10\/fascia12.jpg","width":1960,"height":266},{"@type":"WebPage","@id":"https:\/\/www.greencampbridge.it\/de\/regole-parcheggio\/","url":"https:\/\/www.greencampbridge.it\/de\/regole-parcheggio\/","name":"Parkregeln - Green Camp Bridge","isPartOf":{"@id":"https:\/\/digital-specialist.it\/greencampbridge\/#website"},"primaryImageOfPage":{"@id":"https:\/\/www.greencampbridge.it\/de\/regole-parcheggio\/#primaryimage"},"datePublished":"2024-10-21T19:49:44+00:00","dateModified":"2026-01-11T13:40:43+00:00","breadcrumb":{"@id":"https:\/\/www.greencampbridge.it\/de\/regole-parcheggio\/#breadcrumb"},"inLanguage":"de","potentialAction":[{"@type":"ReadAction","target":["https:\/\/www.greencampbridge.it\/de\/regole-parcheggio\/"]}]},{"@type":"BreadcrumbList","@id":"https:\/\/www.greencampbridge.it\/de\/regole-parcheggio\/#breadcrumb","itemListElement":[{"@type":"ListItem","position":1,"name":"Home","item":"https:\/\/www.greencampbridge.it\/de\/"},{"@type":"ListItem","position":2,"name":"Parkregeln"}]}]}},"_links":{"self":[{"href":"https:\/\/www.greencampbridge.it\/de\/wp-json\/wp\/v2\/pages\/7467","targetHints":{"allow":["GET"]}}],"collection":[{"href":"https:\/\/www.greencampbridge.it\/de\/wp-json\/wp\/v2\/pages"}],"about":[{"href":"https:\/\/www.greencampbridge.it\/de\/wp-json\/wp\/v2\/types\/page"}],"author":[{"embeddable":true,"href":"https:\/\/www.greencampbridge.it\/de\/wp-json\/wp\/v2\/users\/1"}],"replies":[{"embeddable":true,"href":"https:\/\/www.greencampbridge.it\/de\/wp-json\/wp\/v2\/comments?post=7467"}],"version-history":[{"count":30,"href":"https:\/\/www.greencampbridge.it\/de\/wp-json\/wp\/v2\/pages\/7467\/revisions"}],"predecessor-version":[{"id":8211,"href":"https:\/\/www.greencampbridge.it\/de\/wp-json\/wp\/v2\/pages\/7467\/revisions\/8211"}],"wp:featuredmedia":[{"embeddable":true,"href":"https:\/\/www.greencampbridge.it\/de\/wp-json\/wp\/v2\/media\/3133"}],"wp:attachment":[{"href":"https:\/\/www.greencampbridge.it\/de\/wp-json\/wp\/v2\/media?parent=7467"}],"curies":[{"name":"wp","href":"https:\/\/api.w.org\/{rel}","templated":true}]}}