{"id":6125,"date":"2023-07-11T20:05:38","date_gmt":"2023-07-11T20:05:38","guid":{"rendered":"https:\/\/www.greencampbridge.it\/?page_id=6125"},"modified":"2024-10-21T10:40:42","modified_gmt":"2024-10-21T08:40:42","slug":"karte","status":"publish","type":"page","link":"https:\/\/www.greencampbridge.it\/de\/karte\/","title":{"rendered":"Karte"},"content":{"rendered":"\t\t<div data-elementor-type=\"wp-post\" data-elementor-id=\"6125\" class=\"elementor elementor-6125 elementor-5928\" data-elementor-settings=\"[]\">\n\t\t\t\t\t\t\t<div class=\"elementor-section-wrap\">\n\t\t\t\t\t\t\t<section class=\"elementor-section-custom-divider elementor-section elementor-top-section elementor-element elementor-element-1b6ca7e elementor-section-stretched elementor-section-boxed elementor-section-height-default elementor-section-height-default\" data-id=\"1b6ca7e\" data-element_type=\"section\" data-settings=\"{&quot;stretch_section&quot;:&quot;section-stretched&quot;,&quot;background_background&quot;:&quot;classic&quot;}\">\n\t\t\t\t\t\t<div class=\"elementor-container elementor-column-gap-default\">\n\t\t\t\t\t<div class=\"elementor-column elementor-col-100 elementor-top-column elementor-element elementor-element-3a1f9a6\" data-id=\"3a1f9a6\" data-element_type=\"column\">\n\t\t\t<div class=\"elementor-widget-wrap elementor-element-populated\">\n\t\t\t\t\t\t\t\t<div class=\"elementor-element elementor-element-49937a7 elementor-widget elementor-widget-heading\" data-id=\"49937a7\" data-element_type=\"widget\" data-widget_type=\"heading.default\">\n\t\t\t\t<div class=\"elementor-widget-container\">\n\t\t\t<h2 class=\"elementor-heading-title elementor-size-default\">KARTE Green Camp Bridge<\/h2>\t\t<\/div>\n\t\t\t\t<\/div>\n\t\t\t\t<div class=\"elementor-element elementor-element-879d4d7 elementor-widget elementor-widget-text-editor\" data-id=\"879d4d7\" data-element_type=\"widget\" data-widget_type=\"text-editor.default\">\n\t\t\t\t<div class=\"elementor-widget-container\">\n\t\t\t\t\t\t\t<p>Green<strong> Camp Bridge<\/strong> hat <strong>3 Stellpl\u00e4tze<\/strong>:<br \/>1 &#8211; &#8220;<strong>FRONTE LAGO<\/strong>&#8221; <strong>&#8211; <em>LAKE FRONT <\/em><\/strong>&#8211; Stellpl\u00e4tze (n\u00e4her am See und in der N\u00e4he der Dienstleistungen)<br \/>2 &#8211; &#8220;<strong>CENTRALI<\/strong>&#8221; &#8211; <em><strong>CENTRAL <\/strong><\/em>&#8211; Stellpl\u00e4tze (mittlerer Bereich)<br \/>3 &#8211; &#8220;<strong>PANORAMICHE<\/strong>&#8221; &#8211; <em><strong>PANORAMIC <\/strong><\/em>&#8211; Stellpl\u00e4tze (n\u00e4her am Hauptdienstleistungszentrum).<\/p><p><em>Vergr\u00f6\u00dfern Sie den gew\u00e4hlten Bereich, indem Sie mit der Maus \u00fcber die roten Symbole mit dem kleinen Mann fahren.<\/em><\/p>\t\t\t\t\t\t<\/div>\n\t\t\t\t<\/div>\n\t\t\t\t<div class=\"elementor-element elementor-element-7aee892 elementor-widget elementor-widget-stratum-image-hotspot\" data-id=\"7aee892\" data-element_type=\"widget\" data-widget_type=\"stratum-image-hotspot.default\">\n\t\t\t\t<div class=\"elementor-widget-container\">\n\t\t\t<div class=\"stratum-image-hotspot\">\n    <div class=\"stratum-image-hotspot__wrapper\">\n        <div class=\"stratum-image-hotspot__image\">\n\t\t\t<img loading=\"lazy\" decoding=\"async\" width=\"1436\" height=\"2560\" src=\"https:\/\/www.greencampbridge.it\/wp-content\/uploads\/2024\/10\/green_map_vect_VERT_NUM_CORTA-01-scaled.jpg\" class=\"attachment-full size-full\" alt=\"\" srcset=\"https:\/\/www.greencampbridge.it\/wp-content\/uploads\/2024\/10\/green_map_vect_VERT_NUM_CORTA-01-scaled.jpg 1436w, https:\/\/www.greencampbridge.it\/wp-content\/uploads\/2024\/10\/green_map_vect_VERT_NUM_CORTA-01-168x300.jpg 168w, https:\/\/www.greencampbridge.it\/wp-content\/uploads\/2024\/10\/green_map_vect_VERT_NUM_CORTA-01-575x1024.jpg 575w, https:\/\/www.greencampbridge.it\/wp-content\/uploads\/2024\/10\/green_map_vect_VERT_NUM_CORTA-01-768x1369.jpg 768w, https:\/\/www.greencampbridge.it\/wp-content\/uploads\/2024\/10\/green_map_vect_VERT_NUM_CORTA-01-862x1536.jpg 862w, https:\/\/www.greencampbridge.it\/wp-content\/uploads\/2024\/10\/green_map_vect_VERT_NUM_CORTA-01-1149x2048.jpg 1149w, https:\/\/www.greencampbridge.it\/wp-content\/uploads\/2024\/10\/green_map_vect_VERT_NUM_CORTA-01-891x1588.jpg 891w\" sizes=\"auto, (max-width: 1436px) 100vw, 1436px\" \/>        <\/div>\n\t\t<div class=\"stratum-image-hotspot__dot has-animation-pulse elementor-repeater-item-c0c048b\"><div class=\"stratum-image-hotspot__dot-wrapper\" data-options=\"{&quot;open&quot;:false,&quot;tooltipArrow&quot;:true,&quot;placement&quot;:&quot;top&quot;,&quot;tooltipTheme&quot;:&quot;light&quot;,&quot;tooltipAnimation&quot;:&quot;fade&quot;,&quot;tooltipTrigger&quot;:&quot;hover&quot;,&quot;tooltipContent&quot;:&quot;Privatstra\\u00dfe vom Campingplatz mit direktem Abstieg zum Seeuferweg.&quot;,&quot;tooltipTitle&quot;:&quot;Direkter Abstieg zum See&quot;}\"'><div class='stratum-image-hotspot__dot-content'><i class='stratum-image-hotspot__dot-icon fa fa-arrow-down'><\/i><\/div><\/div><\/div><div class=\"stratum-image-hotspot__dot has-animation-pulse elementor-repeater-item-fbd7b09\"><div class=\"stratum-image-hotspot__dot-wrapper\" data-options=\"{&quot;open&quot;:false,&quot;tooltipArrow&quot;:true,&quot;placement&quot;:&quot;top&quot;,&quot;tooltipTheme&quot;:&quot;light&quot;,&quot;tooltipAnimation&quot;:&quot;fade&quot;,&quot;tooltipTrigger&quot;:&quot;hover&quot;,&quot;tooltipContent&quot;:&quot;&lt;h5&gt;Stellpl\\u00e4tze FRONTE LAGO (1-10A)&lt;strong&gt;\\n&lt;\\\/strong&gt;&lt;br&gt;&lt;em&gt;&lt;a href=\\&quot;https:\\\/\\\/www.greencampbridge.it\\\/wp-content\\\/uploads\\\/2024\\\/09\\\/ingrandimento_piazzole_1_VERT-01-scaled.jpg\\&quot; target=\\&quot;_blank\\&quot; rel=\\&quot;noopener\\&quot;&gt;Vergr\\u00f6\\u00dferung (Klicken Sie hier)&lt;\\\/a&gt;&lt;\\\/em&gt;&lt;\\\/h5&gt;\\n&quot;,&quot;tooltipTitle&quot;:&quot;&quot;}\"'><div class='stratum-image-hotspot__dot-content'><i class='stratum-image-hotspot__dot-icon fa fa-street-view'><\/i><\/div><\/div><\/div><div class=\"stratum-image-hotspot__dot has-animation-pulse elementor-repeater-item-642eaf6\"><div class=\"stratum-image-hotspot__dot-wrapper\" data-options=\"{&quot;open&quot;:false,&quot;tooltipArrow&quot;:true,&quot;placement&quot;:&quot;top&quot;,&quot;tooltipTheme&quot;:&quot;light&quot;,&quot;tooltipAnimation&quot;:&quot;fade&quot;,&quot;tooltipTrigger&quot;:&quot;hover&quot;,&quot;tooltipContent&quot;:&quot;&lt;h5&gt;Stellpl\\u00e4tze Centrali (21-28)&lt;strong&gt;\\n&lt;\\\/strong&gt;&lt;br&gt;&lt;em&gt;&lt;a href=\\&quot;https:\\\/\\\/greencampbridge.it\\\/wp-content\\\/uploads\\\/2023\\\/06\\\/ingrandimento_piazzole_4_VERT.jpg\\&quot; target=\\&quot;_blank\\&quot; rel=\\&quot;noopener\\&quot;&gt;Vergr\\u00f6\\u00dferung (hier klicken)&lt;\\\/a&gt;&lt;\\\/em&gt;&lt;\\\/h5&gt;\\n&quot;,&quot;tooltipTitle&quot;:&quot;&quot;}\"'><div class='stratum-image-hotspot__dot-content'><i class='stratum-image-hotspot__dot-icon fa fa-street-view'><\/i><\/div><\/div><\/div><div class=\"stratum-image-hotspot__dot has-animation-pulse elementor-repeater-item-1dd9506\"><div class=\"stratum-image-hotspot__dot-wrapper\" data-options=\"{&quot;open&quot;:false,&quot;tooltipArrow&quot;:true,&quot;placement&quot;:&quot;top&quot;,&quot;tooltipTheme&quot;:&quot;light&quot;,&quot;tooltipAnimation&quot;:&quot;fade&quot;,&quot;tooltipTrigger&quot;:&quot;hover&quot;,&quot;tooltipContent&quot;:&quot;&lt;h5&gt;Stellpl\\u00e4tze PANORAMICHE (11-17)&lt;strong&gt;\\n&lt;\\\/strong&gt;&lt;br&gt;&lt;em&gt;&lt;a href=\\&quot;https:\\\/\\\/greencampbridge.it\\\/wp-content\\\/uploads\\\/2023\\\/06\\\/ingrandimento_piazzole_2_VERT.jpg\\&quot; target=\\&quot;_blank\\&quot; rel=\\&quot;noopener\\&quot;&gt;Vergr\\u00f6\\u00dferung (hier klicken)&lt;\\\/a&gt;&lt;\\\/em&gt;&lt;\\\/h5&gt;\\n&quot;,&quot;tooltipTitle&quot;:&quot;&quot;}\"'><div class='stratum-image-hotspot__dot-content'><i class='stratum-image-hotspot__dot-icon fa fa-street-view'><\/i><\/div><\/div><\/div><div class=\"stratum-image-hotspot__dot has-animation-pulse elementor-repeater-item-7ab4138\"><div class=\"stratum-image-hotspot__dot-wrapper\" data-options=\"{&quot;open&quot;:false,&quot;tooltipArrow&quot;:true,&quot;placement&quot;:&quot;top&quot;,&quot;tooltipTheme&quot;:&quot;light&quot;,&quot;tooltipAnimation&quot;:&quot;fade&quot;,&quot;tooltipTrigger&quot;:&quot;hover&quot;,&quot;tooltipContent&quot;:&quot;&lt;h5&gt;Stellplatz DISABILI (18)&lt;strong&gt;\\n&lt;\\\/strong&gt;&lt;br&gt;&lt;em&gt;&lt;a href=\\&quot;https:\\\/\\\/greencampbridge.it\\\/wp-content\\\/uploads\\\/2023\\\/06\\\/ingrandimento_piazzole_3_VERT.jpg\\&quot; target=\\&quot;_blank\\&quot; rel=\\&quot;noopener\\&quot;&gt;Vergr\\u00f6\\u00dferung (hier klicken)&lt;\\\/a&gt;&lt;\\\/em&gt;&lt;\\\/h5&gt;\\n&quot;,&quot;tooltipTitle&quot;:&quot;&quot;}\"'><div class='stratum-image-hotspot__dot-content'><i class='stratum-image-hotspot__dot-icon fa fa-street-view'><\/i><\/div><\/div><\/div><div class=\"stratum-image-hotspot__dot has-animation-pulse elementor-repeater-item-d812021\"><div class=\"stratum-image-hotspot__dot-wrapper\" data-options=\"{&quot;open&quot;:false,&quot;tooltipArrow&quot;:true,&quot;placement&quot;:&quot;top&quot;,&quot;tooltipTheme&quot;:&quot;light&quot;,&quot;tooltipAnimation&quot;:&quot;fade&quot;,&quot;tooltipTrigger&quot;:&quot;hover&quot;,&quot;tooltipContent&quot;:&quot;&quot;,&quot;tooltipTitle&quot;:&quot;Parkplatz&quot;}\"'><div class='stratum-image-hotspot__dot-content'><i class='stratum-image-hotspot__dot-icon fa fa-arrow-down'><\/i><\/div><\/div><\/div><div class=\"stratum-image-hotspot__dot has-animation-pulse elementor-repeater-item-d532f57\"><div class=\"stratum-image-hotspot__dot-wrapper\" data-options=\"{&quot;open&quot;:false,&quot;tooltipArrow&quot;:true,&quot;placement&quot;:&quot;top&quot;,&quot;tooltipTheme&quot;:&quot;light&quot;,&quot;tooltipAnimation&quot;:&quot;fade&quot;,&quot;tooltipTrigger&quot;:&quot;hover&quot;,&quot;tooltipContent&quot;:&quot;&quot;,&quot;tooltipTitle&quot;:&quot;Entladebereich f\\u00fcr Wohnmobile (Camper Service)&quot;}\"'><div class='stratum-image-hotspot__dot-content'><i class='stratum-image-hotspot__dot-icon fa fa-arrow-down'><\/i><\/div><\/div><\/div><div class=\"stratum-image-hotspot__dot has-animation-pulse elementor-repeater-item-a95263d\"><div class=\"stratum-image-hotspot__dot-wrapper\" data-options=\"{&quot;open&quot;:false,&quot;tooltipArrow&quot;:true,&quot;placement&quot;:&quot;top&quot;,&quot;tooltipTheme&quot;:&quot;light&quot;,&quot;tooltipAnimation&quot;:&quot;fade&quot;,&quot;tooltipTrigger&quot;:&quot;hover&quot;,&quot;tooltipContent&quot;:&quot;&quot;,&quot;tooltipTitle&quot;:&quot;Module der Hauptsanit\\u00e4ranlagen&quot;}\"'><div class='stratum-image-hotspot__dot-content'><i class='stratum-image-hotspot__dot-icon fa fa-arrow-down'><\/i><\/div><\/div><\/div><div class=\"stratum-image-hotspot__dot has-animation-pulse elementor-repeater-item-6933f7b\"><div class=\"stratum-image-hotspot__dot-wrapper\" data-options=\"{&quot;open&quot;:false,&quot;tooltipArrow&quot;:true,&quot;placement&quot;:&quot;top&quot;,&quot;tooltipTheme&quot;:&quot;light&quot;,&quot;tooltipAnimation&quot;:&quot;fade&quot;,&quot;tooltipTrigger&quot;:&quot;hover&quot;,&quot;tooltipContent&quot;:&quot;&quot;,&quot;tooltipTitle&quot;:&quot;Toilettenmodule&quot;}\"'><div class='stratum-image-hotspot__dot-content'><i class='stratum-image-hotspot__dot-icon fa fa-arrow-down'><\/i><\/div><\/div><\/div><div class=\"stratum-image-hotspot__dot has-animation-pulse elementor-repeater-item-0a3b791\"><div class=\"stratum-image-hotspot__dot-wrapper\" data-options=\"{&quot;open&quot;:false,&quot;tooltipArrow&quot;:true,&quot;placement&quot;:&quot;top&quot;,&quot;tooltipTheme&quot;:&quot;light&quot;,&quot;tooltipAnimation&quot;:&quot;fade&quot;,&quot;tooltipTrigger&quot;:&quot;hover&quot;,&quot;tooltipContent&quot;:&quot;&quot;,&quot;tooltipTitle&quot;:&quot;Eingang&quot;}\"'><div class='stratum-image-hotspot__dot-content'><i class='stratum-image-hotspot__dot-icon fa fa-arrow-down'><\/i><\/div><\/div><\/div>    <\/div>\n<\/div>\n\t\t<\/div>\n\t\t\t\t<\/div>\n\t\t\t\t\t<\/div>\n\t\t<\/div>\n\t\t\t\t\t\t\t<\/div>\n\t\t<\/section>\n\t\t\t\t<section class=\"elementor-section elementor-top-section elementor-element elementor-element-1a1112e elementor-section-boxed elementor-section-height-default elementor-section-height-default\" data-id=\"1a1112e\" data-element_type=\"section\">\n\t\t\t\t\t\t<div class=\"elementor-container elementor-column-gap-default\">\n\t\t\t\t\t<div class=\"elementor-column elementor-col-100 elementor-top-column elementor-element elementor-element-f382aeb\" data-id=\"f382aeb\" data-element_type=\"column\">\n\t\t\t<div class=\"elementor-widget-wrap elementor-element-populated\">\n\t\t\t\t\t\t\t\t<div class=\"elementor-element elementor-element-3e18d65 elementor-widget elementor-widget-text-editor\" data-id=\"3e18d65\" data-element_type=\"widget\" data-widget_type=\"text-editor.default\">\n\t\t\t\t<div class=\"elementor-widget-container\">\n\t\t\t\t\t\t\t<p>Der Gardasee ist von jedem Stellplatz aus zu sehen, und vom Campingplatz aus besteht ein direkter Zugang zum Radweg &#8220;Lungolago Riare&#8221;, der am Seeufer entlang f\u00fchrt. Das Servicezentrum verf\u00fcgt \u00fcber warme Duschen, Waschbecken und Sp\u00fclbecken, auch im Freien. Es gibt auch einen Camper-Service f\u00fcr das Auff\u00fcllen von Trinkwasser und das Ablassen von Abwasser.<\/p>\t\t\t\t\t\t<\/div>\n\t\t\t\t<\/div>\n\t\t\t\t\t<\/div>\n\t\t<\/div>\n\t\t\t\t\t\t\t<\/div>\n\t\t<\/section>\n\t\t\t\t\t\t<\/div>\n\t\t\t\t\t<\/div>\n\t\t","protected":false},"excerpt":{"rendered":"<p>KARTE Green Camp Bridge Green Camp Bridge hat 3 Stellpl\u00e4tze:1 &#8211; &#8220;FRONTE LAGO&#8221; &#8211; LAKE FRONT &#8211; Stellpl\u00e4tze (n\u00e4her am See und in der N\u00e4he der Dienstleistungen)2 &#8211; &#8220;CENTRALI&#8221; &#8211; CENTRAL &#8211; Stellpl\u00e4tze (mittlerer Bereich)3 &#8211; &#8220;PANORAMICHE&#8221; &#8211; PANORAMIC &#8211; Stellpl\u00e4tze (n\u00e4her am Hauptdienstleistungszentrum). Vergr\u00f6\u00dfern Sie den gew\u00e4hlten Bereich, indem Sie mit der Maus \u00fcber [&hellip;]<\/p>\n","protected":false},"author":1,"featured_media":3335,"parent":0,"menu_order":0,"comment_status":"closed","ping_status":"closed","template":"","meta":{"inline_featured_image":false,"ngg_post_thumbnail":0,"_joinchat":[],"footnotes":""},"class_list":["post-6125","page","type-page","status-publish","has-post-thumbnail","hentry"],"yoast_head":"<!-- This site is optimized with the Yoast SEO plugin v19.3 - https:\/\/yoast.com\/wordpress\/plugins\/seo\/ -->\n<title>Karte - Green Camp Bridge<\/title>\n<meta name=\"robots\" content=\"index, follow, max-snippet:-1, max-image-preview:large, max-video-preview:-1\" \/>\n<link rel=\"canonical\" href=\"https:\/\/digital-specialist.it\/greencampbridge\/de\/karte\/\" \/>\n<meta property=\"og:locale\" content=\"de_DE\" \/>\n<meta property=\"og:type\" content=\"article\" \/>\n<meta property=\"og:title\" content=\"Karte - Green Camp Bridge\" \/>\n<meta property=\"og:description\" content=\"KARTE Green Camp Bridge Green Camp Bridge hat 3 Stellpl\u00e4tze:1 &#8211; &#8220;FRONTE LAGO&#8221; &#8211; LAKE FRONT &#8211; Stellpl\u00e4tze (n\u00e4her am See und in der N\u00e4he der Dienstleistungen)2 &#8211; &#8220;CENTRALI&#8221; &#8211; CENTRAL &#8211; Stellpl\u00e4tze (mittlerer Bereich)3 &#8211; &#8220;PANORAMICHE&#8221; &#8211; PANORAMIC &#8211; Stellpl\u00e4tze (n\u00e4her am Hauptdienstleistungszentrum). Vergr\u00f6\u00dfern Sie den gew\u00e4hlten Bereich, indem Sie mit der Maus \u00fcber [&hellip;]\" \/>\n<meta property=\"og:url\" content=\"https:\/\/digital-specialist.it\/greencampbridge\/de\/karte\/\" \/>\n<meta property=\"og:site_name\" content=\"Green Camp Bridge\" \/>\n<meta property=\"article:modified_time\" content=\"2024-10-21T08:40:42+00:00\" \/>\n<meta property=\"og:image\" content=\"https:\/\/digital-specialist.it\/greencampbridge\/wp-content\/uploads\/2021\/07\/fascia2.jpg\" \/>\n\t<meta property=\"og:image:width\" content=\"1960\" \/>\n\t<meta property=\"og:image:height\" content=\"266\" \/>\n\t<meta property=\"og:image:type\" content=\"image\/jpeg\" \/>\n<meta name=\"twitter:card\" content=\"summary_large_image\" \/>\n<meta name=\"twitter:label1\" content=\"Gesch\u00e4tzte Lesezeit\" \/>\n\t<meta name=\"twitter:data1\" content=\"1\u00a0Minute\" \/>\n<script type=\"application\/ld+json\" class=\"yoast-schema-graph\">{\"@context\":\"https:\/\/schema.org\",\"@graph\":[{\"@type\":\"Organization\",\"@id\":\"https:\/\/digital-specialist.it\/greencampbridge\/#organization\",\"name\":\"Green Camp Bridge\",\"url\":\"https:\/\/digital-specialist.it\/greencampbridge\/\",\"sameAs\":[],\"logo\":{\"@type\":\"ImageObject\",\"inLanguage\":\"de\",\"@id\":\"https:\/\/digital-specialist.it\/greencampbridge\/#\/schema\/logo\/image\/\",\"url\":\"https:\/\/www.greencampbridge.it\/wp-content\/uploads\/2021\/08\/logo_vect_400-70.svg\",\"contentUrl\":\"https:\/\/www.greencampbridge.it\/wp-content\/uploads\/2021\/08\/logo_vect_400-70.svg\",\"width\":400,\"height\":70,\"caption\":\"Green Camp Bridge\"},\"image\":{\"@id\":\"https:\/\/digital-specialist.it\/greencampbridge\/#\/schema\/logo\/image\/\"}},{\"@type\":\"WebSite\",\"@id\":\"https:\/\/digital-specialist.it\/greencampbridge\/#website\",\"url\":\"https:\/\/digital-specialist.it\/greencampbridge\/\",\"name\":\"Green Camp Bridge\",\"description\":\"Agricampeggio\",\"publisher\":{\"@id\":\"https:\/\/digital-specialist.it\/greencampbridge\/#organization\"},\"potentialAction\":[{\"@type\":\"SearchAction\",\"target\":{\"@type\":\"EntryPoint\",\"urlTemplate\":\"https:\/\/digital-specialist.it\/greencampbridge\/?s={search_term_string}\"},\"query-input\":\"required name=search_term_string\"}],\"inLanguage\":\"de\"},{\"@type\":\"ImageObject\",\"inLanguage\":\"de\",\"@id\":\"https:\/\/digital-specialist.it\/greencampbridge\/de\/karte\/#primaryimage\",\"url\":\"https:\/\/www.greencampbridge.it\/wp-content\/uploads\/2021\/07\/fascia2.jpg\",\"contentUrl\":\"https:\/\/www.greencampbridge.it\/wp-content\/uploads\/2021\/07\/fascia2.jpg\",\"width\":1960,\"height\":266},{\"@type\":\"WebPage\",\"@id\":\"https:\/\/digital-specialist.it\/greencampbridge\/de\/karte\/\",\"url\":\"https:\/\/digital-specialist.it\/greencampbridge\/de\/karte\/\",\"name\":\"Karte - Green Camp Bridge\",\"isPartOf\":{\"@id\":\"https:\/\/digital-specialist.it\/greencampbridge\/#website\"},\"primaryImageOfPage\":{\"@id\":\"https:\/\/digital-specialist.it\/greencampbridge\/de\/karte\/#primaryimage\"},\"datePublished\":\"2023-07-11T20:05:38+00:00\",\"dateModified\":\"2024-10-21T08:40:42+00:00\",\"breadcrumb\":{\"@id\":\"https:\/\/digital-specialist.it\/greencampbridge\/de\/karte\/#breadcrumb\"},\"inLanguage\":\"de\",\"potentialAction\":[{\"@type\":\"ReadAction\",\"target\":[\"https:\/\/digital-specialist.it\/greencampbridge\/de\/karte\/\"]}]},{\"@type\":\"BreadcrumbList\",\"@id\":\"https:\/\/digital-specialist.it\/greencampbridge\/de\/karte\/#breadcrumb\",\"itemListElement\":[{\"@type\":\"ListItem\",\"position\":1,\"name\":\"Home\",\"item\":\"https:\/\/www.greencampbridge.it\/de\/\"},{\"@type\":\"ListItem\",\"position\":2,\"name\":\"Karte\"}]}]}<\/script>\n<!-- \/ Yoast SEO plugin. -->","yoast_head_json":{"title":"Karte - Green Camp Bridge","robots":{"index":"index","follow":"follow","max-snippet":"max-snippet:-1","max-image-preview":"max-image-preview:large","max-video-preview":"max-video-preview:-1"},"canonical":"https:\/\/digital-specialist.it\/greencampbridge\/de\/karte\/","og_locale":"de_DE","og_type":"article","og_title":"Karte - Green Camp Bridge","og_description":"KARTE Green Camp Bridge Green Camp Bridge hat 3 Stellpl\u00e4tze:1 &#8211; &#8220;FRONTE LAGO&#8221; &#8211; LAKE FRONT &#8211; Stellpl\u00e4tze (n\u00e4her am See und in der N\u00e4he der Dienstleistungen)2 &#8211; &#8220;CENTRALI&#8221; &#8211; CENTRAL &#8211; Stellpl\u00e4tze (mittlerer Bereich)3 &#8211; &#8220;PANORAMICHE&#8221; &#8211; PANORAMIC &#8211; Stellpl\u00e4tze (n\u00e4her am Hauptdienstleistungszentrum). Vergr\u00f6\u00dfern Sie den gew\u00e4hlten Bereich, indem Sie mit der Maus \u00fcber [&hellip;]","og_url":"https:\/\/digital-specialist.it\/greencampbridge\/de\/karte\/","og_site_name":"Green Camp Bridge","article_modified_time":"2024-10-21T08:40:42+00:00","og_image":[{"width":1960,"height":266,"url":"https:\/\/digital-specialist.it\/greencampbridge\/wp-content\/uploads\/2021\/07\/fascia2.jpg","type":"image\/jpeg"}],"twitter_card":"summary_large_image","twitter_misc":{"Gesch\u00e4tzte Lesezeit":"1\u00a0Minute"},"schema":{"@context":"https:\/\/schema.org","@graph":[{"@type":"Organization","@id":"https:\/\/digital-specialist.it\/greencampbridge\/#organization","name":"Green Camp Bridge","url":"https:\/\/digital-specialist.it\/greencampbridge\/","sameAs":[],"logo":{"@type":"ImageObject","inLanguage":"de","@id":"https:\/\/digital-specialist.it\/greencampbridge\/#\/schema\/logo\/image\/","url":"https:\/\/www.greencampbridge.it\/wp-content\/uploads\/2021\/08\/logo_vect_400-70.svg","contentUrl":"https:\/\/www.greencampbridge.it\/wp-content\/uploads\/2021\/08\/logo_vect_400-70.svg","width":400,"height":70,"caption":"Green Camp Bridge"},"image":{"@id":"https:\/\/digital-specialist.it\/greencampbridge\/#\/schema\/logo\/image\/"}},{"@type":"WebSite","@id":"https:\/\/digital-specialist.it\/greencampbridge\/#website","url":"https:\/\/digital-specialist.it\/greencampbridge\/","name":"Green Camp Bridge","description":"Agricampeggio","publisher":{"@id":"https:\/\/digital-specialist.it\/greencampbridge\/#organization"},"potentialAction":[{"@type":"SearchAction","target":{"@type":"EntryPoint","urlTemplate":"https:\/\/digital-specialist.it\/greencampbridge\/?s={search_term_string}"},"query-input":"required name=search_term_string"}],"inLanguage":"de"},{"@type":"ImageObject","inLanguage":"de","@id":"https:\/\/digital-specialist.it\/greencampbridge\/de\/karte\/#primaryimage","url":"https:\/\/www.greencampbridge.it\/wp-content\/uploads\/2021\/07\/fascia2.jpg","contentUrl":"https:\/\/www.greencampbridge.it\/wp-content\/uploads\/2021\/07\/fascia2.jpg","width":1960,"height":266},{"@type":"WebPage","@id":"https:\/\/digital-specialist.it\/greencampbridge\/de\/karte\/","url":"https:\/\/digital-specialist.it\/greencampbridge\/de\/karte\/","name":"Karte - Green Camp Bridge","isPartOf":{"@id":"https:\/\/digital-specialist.it\/greencampbridge\/#website"},"primaryImageOfPage":{"@id":"https:\/\/digital-specialist.it\/greencampbridge\/de\/karte\/#primaryimage"},"datePublished":"2023-07-11T20:05:38+00:00","dateModified":"2024-10-21T08:40:42+00:00","breadcrumb":{"@id":"https:\/\/digital-specialist.it\/greencampbridge\/de\/karte\/#breadcrumb"},"inLanguage":"de","potentialAction":[{"@type":"ReadAction","target":["https:\/\/digital-specialist.it\/greencampbridge\/de\/karte\/"]}]},{"@type":"BreadcrumbList","@id":"https:\/\/digital-specialist.it\/greencampbridge\/de\/karte\/#breadcrumb","itemListElement":[{"@type":"ListItem","position":1,"name":"Home","item":"https:\/\/www.greencampbridge.it\/de\/"},{"@type":"ListItem","position":2,"name":"Karte"}]}]}},"_links":{"self":[{"href":"https:\/\/www.greencampbridge.it\/de\/wp-json\/wp\/v2\/pages\/6125","targetHints":{"allow":["GET"]}}],"collection":[{"href":"https:\/\/www.greencampbridge.it\/de\/wp-json\/wp\/v2\/pages"}],"about":[{"href":"https:\/\/www.greencampbridge.it\/de\/wp-json\/wp\/v2\/types\/page"}],"author":[{"embeddable":true,"href":"https:\/\/www.greencampbridge.it\/de\/wp-json\/wp\/v2\/users\/1"}],"replies":[{"embeddable":true,"href":"https:\/\/www.greencampbridge.it\/de\/wp-json\/wp\/v2\/comments?post=6125"}],"version-history":[{"count":60,"href":"https:\/\/www.greencampbridge.it\/de\/wp-json\/wp\/v2\/pages\/6125\/revisions"}],"predecessor-version":[{"id":7414,"href":"https:\/\/www.greencampbridge.it\/de\/wp-json\/wp\/v2\/pages\/6125\/revisions\/7414"}],"wp:featuredmedia":[{"embeddable":true,"href":"https:\/\/www.greencampbridge.it\/de\/wp-json\/wp\/v2\/media\/3335"}],"wp:attachment":[{"href":"https:\/\/www.greencampbridge.it\/de\/wp-json\/wp\/v2\/media?parent=6125"}],"curies":[{"name":"wp","href":"https:\/\/api.w.org\/{rel}","templated":true}]}}