{"id":4603,"date":"2018-08-28T13:15:19","date_gmt":"2018-08-28T13:15:19","guid":{"rendered":"https:\/\/greencampbridge.it\/attivita\/"},"modified":"2023-03-23T10:16:34","modified_gmt":"2023-03-23T10:16:34","slug":"attivita","status":"publish","type":"page","link":"https:\/\/www.greencampbridge.it\/de\/attivita\/","title":{"rendered":"Aktivit\u00e4ten"},"content":{"rendered":"\t\t<div data-elementor-type=\"wp-page\" data-elementor-id=\"4603\" class=\"elementor elementor-4603 elementor-149\" data-elementor-settings=\"[]\">\n\t\t\t\t\t\t\t<div class=\"elementor-section-wrap\">\n\t\t\t\t\t\t\t<section class=\"elementor-section elementor-top-section elementor-element elementor-element-3ce43a97 elementor-section-boxed elementor-section-height-default elementor-section-height-default\" data-id=\"3ce43a97\" data-element_type=\"section\">\n\t\t\t\t\t\t<div class=\"elementor-container elementor-column-gap-default\">\n\t\t\t\t\t<div class=\"elementor-column elementor-col-100 elementor-top-column elementor-element elementor-element-59bb2ec0\" data-id=\"59bb2ec0\" data-element_type=\"column\">\n\t\t\t<div class=\"elementor-widget-wrap elementor-element-populated\">\n\t\t\t\t\t\t\t\t<div class=\"elementor-element elementor-element-4ea7f3b2 elementor-widget elementor-widget-text-editor\" data-id=\"4ea7f3b2\" data-element_type=\"widget\" data-widget_type=\"text-editor.default\">\n\t\t\t\t<div class=\"elementor-widget-container\">\n\t\t\t\t\t\t\t<p>Der Campingplatz <strong>Green Camp Bridge<\/strong> befindet sich in einer <strong>strategischen Position<\/strong>. In der Umgebung gibt es viele Freizeitaktivit\u00e4ten f\u00fcr jeden Geschmack.<br \/>Einige Beispiele:<\/p>\t\t<div class=\"activities-wrapper columns-3\">\n\t\t<style>\n#page > div.custom-header-wrapper { background-image: url('http:\/\/greencampbridge.it\/wp-content\/uploads\/2022\/07\/fascia13.jpg') !important; background-size: cover;}\n<\/style>\n\n<article id=\"post-4985\" class=\"post-4985 cptp-activity type-cptp-activity status-publish has-post-thumbnail hentry cptp-activity-category-attivita\">\n    <div class=\"activity-wrapper\">\n        <a href=\"https:\/\/www.greencampbridge.it\/de\/activity\/divertimento\/\" class=\"post-thumbnail\">\n            <img loading=\"lazy\" decoding=\"async\" width=\"891\" height=\"636\" src=\"https:\/\/www.greencampbridge.it\/wp-content\/uploads\/2018\/08\/parchi_div-891x636.jpg\" class=\"attachment-campterra-cropped size-campterra-cropped wp-post-image\" alt=\"\" \/>            <i class=\"fas fa-eye\"><\/i>\n        <\/a>\n\n        <header class=\"entry-header\">\n            <h2 class=\"entry-title\"><a href=\"https:\/\/www.greencampbridge.it\/de\/activity\/divertimento\/\" rel=\"bookmark\">Freizeitparks Einige Beispiele:<\/a><\/h2>        <\/header><!-- .entry-header -->\n\n        <div class=\"entry-content\">\n            <p>Der Gardasee und seine Umgebung bieten FUN PARKS mit Attraktionen f\u00fcr Erwachsene und Kinder.<\/p>\n<p> <a href=\"https:\/\/www.greencampbridge.it\/de\/activity\/divertimento\/#more-4985\" class=\"more-link\">Read more<span class=\"screen-reader-text\"> &#8220;Freizeitparks Einige Beispiele:&#8221;<\/span><\/a><\/p>\n        <\/div><!-- .entry-content -->\n    <\/div>\n<\/article><!-- #post-4985 -->\n<style>\n#page > div.custom-header-wrapper { background-image: url('http:\/\/greencampbridge.it\/wp-content\/uploads\/2022\/07\/fascia13.jpg') !important; background-size: cover;}\n<\/style>\n\n<article id=\"post-4994\" class=\"post-4994 cptp-activity type-cptp-activity status-publish has-post-thumbnail hentry cptp-activity-category-attivita\">\n    <div class=\"activity-wrapper\">\n        <a href=\"https:\/\/www.greencampbridge.it\/de\/activity\/sport\/\" class=\"post-thumbnail\">\n            <img loading=\"lazy\" decoding=\"async\" width=\"891\" height=\"636\" src=\"https:\/\/www.greencampbridge.it\/wp-content\/uploads\/2018\/08\/sport_1960_1375-891x636.jpg\" class=\"attachment-campterra-cropped size-campterra-cropped wp-post-image\" alt=\"\" \/>            <i class=\"fas fa-eye\"><\/i>\n        <\/a>\n\n        <header class=\"entry-header\">\n            <h2 class=\"entry-title\"><a href=\"https:\/\/www.greencampbridge.it\/de\/activity\/sport\/\" rel=\"bookmark\">Sportliche Aktivit\u00e4t<\/a><\/h2>        <\/header><!-- .entry-header -->\n\n        <div class=\"entry-content\">\n            <p>Der Gardasee ist eines der Paradiese f\u00fcr SPORT und Outdoor-Aktivit\u00e4ten.<\/p>\n<p> <a href=\"https:\/\/www.greencampbridge.it\/de\/activity\/sport\/#more-4994\" class=\"more-link\">Read more<span class=\"screen-reader-text\"> &#8220;Sportliche Aktivit\u00e4t&#8221;<\/span><\/a><\/p>\n        <\/div><!-- .entry-content -->\n    <\/div>\n<\/article><!-- #post-4994 -->\n<style>\n#page > div.custom-header-wrapper { background-image: url('http:\/\/greencampbridge.it\/wp-content\/uploads\/2022\/07\/fascia13.jpg') !important; background-size: cover;}\n<\/style>\n\n<article id=\"post-5003\" class=\"post-5003 cptp-activity type-cptp-activity status-publish has-post-thumbnail hentry cptp-activity-category-attivita\">\n    <div class=\"activity-wrapper\">\n        <a href=\"https:\/\/www.greencampbridge.it\/de\/activity\/relax\/\" class=\"post-thumbnail\">\n            <img loading=\"lazy\" decoding=\"async\" width=\"891\" height=\"636\" src=\"https:\/\/www.greencampbridge.it\/wp-content\/uploads\/2018\/08\/terme_1960_1375-891x636.jpg\" class=\"attachment-campterra-cropped size-campterra-cropped wp-post-image\" alt=\"\" \/>            <i class=\"fas fa-eye\"><\/i>\n        <\/a>\n\n        <header class=\"entry-header\">\n            <h2 class=\"entry-title\"><a href=\"https:\/\/www.greencampbridge.it\/de\/activity\/relax\/\" rel=\"bookmark\">Momente der Entspannung<\/a><\/h2>        <\/header><!-- .entry-header -->\n\n        <div class=\"entry-content\">\n            <p>Am Gardasee ist es m\u00f6glich, sich Momente der Entspannung zu g\u00f6nnen, sich in den wohltuenden Spas verw\u00f6hnen zu lassen oder sich in den Wasserparks abzuk\u00fchlen.<\/p>\n<p> <a href=\"https:\/\/www.greencampbridge.it\/de\/activity\/relax\/#more-5003\" class=\"more-link\">Read more<span class=\"screen-reader-text\"> &#8220;Momente der Entspannung&#8221;<\/span><\/a><\/p>\n        <\/div><!-- .entry-content -->\n    <\/div>\n<\/article><!-- #post-5003 -->\n<style>\n#page > div.custom-header-wrapper { background-image: url('http:\/\/greencampbridge.it\/wp-content\/uploads\/2022\/07\/fascia13.jpg') !important; background-size: cover;}\n<\/style>\n\n<article id=\"post-5013\" class=\"post-5013 cptp-activity type-cptp-activity status-publish has-post-thumbnail hentry cptp-activity-category-attivita\">\n    <div class=\"activity-wrapper\">\n        <a href=\"https:\/\/www.greencampbridge.it\/de\/activity\/cultura\/\" class=\"post-thumbnail\">\n            <img loading=\"lazy\" decoding=\"async\" width=\"891\" height=\"636\" src=\"https:\/\/www.greencampbridge.it\/wp-content\/uploads\/2018\/08\/verona_1960_1375-891x636.jpg\" class=\"attachment-campterra-cropped size-campterra-cropped wp-post-image\" alt=\"\" \/>            <i class=\"fas fa-eye\"><\/i>\n        <\/a>\n\n        <header class=\"entry-header\">\n            <h2 class=\"entry-title\"><a href=\"https:\/\/www.greencampbridge.it\/de\/activity\/cultura\/\" rel=\"bookmark\">Stadt und Kultur<\/a><\/h2>        <\/header><!-- .entry-header -->\n\n        <div class=\"entry-content\">\n            <p>Wenn Sie am Gardasee Urlaub machen, k\u00f6nnen Sie einige wirklich bezaubernde Orte nur wenige Kilometer vom See oder von den umliegenden Orten entfernt besuchen.<\/p>\n<p> <a href=\"https:\/\/www.greencampbridge.it\/de\/activity\/cultura\/#more-5013\" class=\"more-link\">Read more<span class=\"screen-reader-text\"> &#8220;Stadt und Kultur&#8221;<\/span><\/a><\/p>\n        <\/div><!-- .entry-content -->\n    <\/div>\n<\/article><!-- #post-5013 -->\n<style>\n#page > div.custom-header-wrapper { background-image: url('http:\/\/greencampbridge.it\/wp-content\/uploads\/2022\/07\/fascia13.jpg') !important; background-size: cover;}\n<\/style>\n\n<article id=\"post-5022\" class=\"post-5022 cptp-activity type-cptp-activity status-publish has-post-thumbnail hentry cptp-activity-category-attivita\">\n    <div class=\"activity-wrapper\">\n        <a href=\"https:\/\/www.greencampbridge.it\/de\/activity\/territorio\/\" class=\"post-thumbnail\">\n            <img loading=\"lazy\" decoding=\"async\" width=\"891\" height=\"636\" src=\"https:\/\/www.greencampbridge.it\/wp-content\/uploads\/2018\/08\/vino_1960_1375-891x636.jpg\" class=\"attachment-campterra-cropped size-campterra-cropped wp-post-image\" alt=\"\" \/>            <i class=\"fas fa-eye\"><\/i>\n        <\/a>\n\n        <header class=\"entry-header\">\n            <h2 class=\"entry-title\"><a href=\"https:\/\/www.greencampbridge.it\/de\/activity\/territorio\/\" rel=\"bookmark\">Lokale Produkte<\/a><\/h2>        <\/header><!-- .entry-header -->\n\n        <div class=\"entry-content\">\n            <p>Es gibt viele typische Produkte des Gardasees. Mit Weinen, K\u00e4se, \u00d6len und Seerezepten wird das Reisen zum wahren Vergn\u00fcgen.<\/p>\n<p> <a href=\"https:\/\/www.greencampbridge.it\/de\/activity\/territorio\/#more-5022\" class=\"more-link\">Read more<span class=\"screen-reader-text\"> &#8220;Lokale Produkte&#8221;<\/span><\/a><\/p>\n        <\/div><!-- .entry-content -->\n    <\/div>\n<\/article><!-- #post-5022 -->\n\t\t<\/div>\n\t\t\t\t\t\t\t\t<\/div>\n\t\t\t\t<\/div>\n\t\t\t\t\t<\/div>\n\t\t<\/div>\n\t\t\t\t\t\t\t<\/div>\n\t\t<\/section>\n\t\t\t\t\t\t<\/div>\n\t\t\t\t\t<\/div>\n\t\t","protected":false},"excerpt":{"rendered":"<p>Der Campingplatz Green Camp Bridge befindet sich in einer strategischen Position. In der Umgebung gibt es viele Freizeitaktivit\u00e4ten f\u00fcr jeden Geschmack. Einige Beispiele:<\/p>\n","protected":false},"author":1,"featured_media":0,"parent":0,"menu_order":0,"comment_status":"closed","ping_status":"closed","template":"template-page-wide.php","meta":{"inline_featured_image":false,"ngg_post_thumbnail":0,"_joinchat":[],"footnotes":""},"class_list":["post-4603","page","type-page","status-publish","hentry"],"yoast_head":"<!-- This site is optimized with the Yoast SEO plugin v19.3 - https:\/\/yoast.com\/wordpress\/plugins\/seo\/ -->\n<title>Aktivit\u00e4ten - Green Camp Bridge<\/title>\n<meta name=\"robots\" content=\"index, follow, max-snippet:-1, max-image-preview:large, max-video-preview:-1\" \/>\n<link rel=\"canonical\" href=\"https:\/\/digital-specialist.it\/greencampbridge\/de\/attivita\/\" \/>\n<meta property=\"og:locale\" content=\"de_DE\" \/>\n<meta property=\"og:type\" content=\"article\" \/>\n<meta property=\"og:title\" content=\"Aktivit\u00e4ten - Green Camp Bridge\" \/>\n<meta property=\"og:description\" content=\"Der Campingplatz Green Camp Bridge befindet sich in einer strategischen Position. In der Umgebung gibt es viele Freizeitaktivit\u00e4ten f\u00fcr jeden Geschmack. Einige Beispiele:\" \/>\n<meta property=\"og:url\" content=\"https:\/\/digital-specialist.it\/greencampbridge\/de\/attivita\/\" \/>\n<meta property=\"og:site_name\" content=\"Green Camp Bridge\" \/>\n<meta property=\"article:modified_time\" content=\"2023-03-23T10:16:34+00:00\" \/>\n<meta name=\"twitter:card\" content=\"summary_large_image\" \/>\n<script type=\"application\/ld+json\" class=\"yoast-schema-graph\">{\"@context\":\"https:\/\/schema.org\",\"@graph\":[{\"@type\":\"Organization\",\"@id\":\"https:\/\/digital-specialist.it\/greencampbridge\/#organization\",\"name\":\"Green Camp Bridge\",\"url\":\"https:\/\/digital-specialist.it\/greencampbridge\/\",\"sameAs\":[],\"logo\":{\"@type\":\"ImageObject\",\"inLanguage\":\"de\",\"@id\":\"https:\/\/digital-specialist.it\/greencampbridge\/#\/schema\/logo\/image\/\",\"url\":\"https:\/\/www.greencampbridge.it\/wp-content\/uploads\/2021\/08\/logo_vect_400-70.svg\",\"contentUrl\":\"https:\/\/www.greencampbridge.it\/wp-content\/uploads\/2021\/08\/logo_vect_400-70.svg\",\"width\":400,\"height\":70,\"caption\":\"Green Camp Bridge\"},\"image\":{\"@id\":\"https:\/\/digital-specialist.it\/greencampbridge\/#\/schema\/logo\/image\/\"}},{\"@type\":\"WebSite\",\"@id\":\"https:\/\/digital-specialist.it\/greencampbridge\/#website\",\"url\":\"https:\/\/digital-specialist.it\/greencampbridge\/\",\"name\":\"Green Camp Bridge\",\"description\":\"Agricampeggio\",\"publisher\":{\"@id\":\"https:\/\/digital-specialist.it\/greencampbridge\/#organization\"},\"potentialAction\":[{\"@type\":\"SearchAction\",\"target\":{\"@type\":\"EntryPoint\",\"urlTemplate\":\"https:\/\/digital-specialist.it\/greencampbridge\/?s={search_term_string}\"},\"query-input\":\"required name=search_term_string\"}],\"inLanguage\":\"de\"},{\"@type\":\"WebPage\",\"@id\":\"https:\/\/digital-specialist.it\/greencampbridge\/de\/attivita\/\",\"url\":\"https:\/\/digital-specialist.it\/greencampbridge\/de\/attivita\/\",\"name\":\"Aktivit\u00e4ten - Green Camp Bridge\",\"isPartOf\":{\"@id\":\"https:\/\/digital-specialist.it\/greencampbridge\/#website\"},\"datePublished\":\"2018-08-28T13:15:19+00:00\",\"dateModified\":\"2023-03-23T10:16:34+00:00\",\"breadcrumb\":{\"@id\":\"https:\/\/digital-specialist.it\/greencampbridge\/de\/attivita\/#breadcrumb\"},\"inLanguage\":\"de\",\"potentialAction\":[{\"@type\":\"ReadAction\",\"target\":[\"https:\/\/digital-specialist.it\/greencampbridge\/de\/attivita\/\"]}]},{\"@type\":\"BreadcrumbList\",\"@id\":\"https:\/\/digital-specialist.it\/greencampbridge\/de\/attivita\/#breadcrumb\",\"itemListElement\":[{\"@type\":\"ListItem\",\"position\":1,\"name\":\"Home\",\"item\":\"https:\/\/www.greencampbridge.it\/de\/\"},{\"@type\":\"ListItem\",\"position\":2,\"name\":\"Aktivit\u00e4ten\"}]}]}<\/script>\n<!-- \/ Yoast SEO plugin. -->","yoast_head_json":{"title":"Aktivit\u00e4ten - Green Camp Bridge","robots":{"index":"index","follow":"follow","max-snippet":"max-snippet:-1","max-image-preview":"max-image-preview:large","max-video-preview":"max-video-preview:-1"},"canonical":"https:\/\/digital-specialist.it\/greencampbridge\/de\/attivita\/","og_locale":"de_DE","og_type":"article","og_title":"Aktivit\u00e4ten - Green Camp Bridge","og_description":"Der Campingplatz Green Camp Bridge befindet sich in einer strategischen Position. In der Umgebung gibt es viele Freizeitaktivit\u00e4ten f\u00fcr jeden Geschmack. Einige Beispiele:","og_url":"https:\/\/digital-specialist.it\/greencampbridge\/de\/attivita\/","og_site_name":"Green Camp Bridge","article_modified_time":"2023-03-23T10:16:34+00:00","twitter_card":"summary_large_image","schema":{"@context":"https:\/\/schema.org","@graph":[{"@type":"Organization","@id":"https:\/\/digital-specialist.it\/greencampbridge\/#organization","name":"Green Camp Bridge","url":"https:\/\/digital-specialist.it\/greencampbridge\/","sameAs":[],"logo":{"@type":"ImageObject","inLanguage":"de","@id":"https:\/\/digital-specialist.it\/greencampbridge\/#\/schema\/logo\/image\/","url":"https:\/\/www.greencampbridge.it\/wp-content\/uploads\/2021\/08\/logo_vect_400-70.svg","contentUrl":"https:\/\/www.greencampbridge.it\/wp-content\/uploads\/2021\/08\/logo_vect_400-70.svg","width":400,"height":70,"caption":"Green Camp Bridge"},"image":{"@id":"https:\/\/digital-specialist.it\/greencampbridge\/#\/schema\/logo\/image\/"}},{"@type":"WebSite","@id":"https:\/\/digital-specialist.it\/greencampbridge\/#website","url":"https:\/\/digital-specialist.it\/greencampbridge\/","name":"Green Camp Bridge","description":"Agricampeggio","publisher":{"@id":"https:\/\/digital-specialist.it\/greencampbridge\/#organization"},"potentialAction":[{"@type":"SearchAction","target":{"@type":"EntryPoint","urlTemplate":"https:\/\/digital-specialist.it\/greencampbridge\/?s={search_term_string}"},"query-input":"required name=search_term_string"}],"inLanguage":"de"},{"@type":"WebPage","@id":"https:\/\/digital-specialist.it\/greencampbridge\/de\/attivita\/","url":"https:\/\/digital-specialist.it\/greencampbridge\/de\/attivita\/","name":"Aktivit\u00e4ten - Green Camp Bridge","isPartOf":{"@id":"https:\/\/digital-specialist.it\/greencampbridge\/#website"},"datePublished":"2018-08-28T13:15:19+00:00","dateModified":"2023-03-23T10:16:34+00:00","breadcrumb":{"@id":"https:\/\/digital-specialist.it\/greencampbridge\/de\/attivita\/#breadcrumb"},"inLanguage":"de","potentialAction":[{"@type":"ReadAction","target":["https:\/\/digital-specialist.it\/greencampbridge\/de\/attivita\/"]}]},{"@type":"BreadcrumbList","@id":"https:\/\/digital-specialist.it\/greencampbridge\/de\/attivita\/#breadcrumb","itemListElement":[{"@type":"ListItem","position":1,"name":"Home","item":"https:\/\/www.greencampbridge.it\/de\/"},{"@type":"ListItem","position":2,"name":"Aktivit\u00e4ten"}]}]}},"_links":{"self":[{"href":"https:\/\/www.greencampbridge.it\/de\/wp-json\/wp\/v2\/pages\/4603","targetHints":{"allow":["GET"]}}],"collection":[{"href":"https:\/\/www.greencampbridge.it\/de\/wp-json\/wp\/v2\/pages"}],"about":[{"href":"https:\/\/www.greencampbridge.it\/de\/wp-json\/wp\/v2\/types\/page"}],"author":[{"embeddable":true,"href":"https:\/\/www.greencampbridge.it\/de\/wp-json\/wp\/v2\/users\/1"}],"replies":[{"embeddable":true,"href":"https:\/\/www.greencampbridge.it\/de\/wp-json\/wp\/v2\/comments?post=4603"}],"version-history":[{"count":8,"href":"https:\/\/www.greencampbridge.it\/de\/wp-json\/wp\/v2\/pages\/4603\/revisions"}],"predecessor-version":[{"id":5880,"href":"https:\/\/www.greencampbridge.it\/de\/wp-json\/wp\/v2\/pages\/4603\/revisions\/5880"}],"wp:attachment":[{"href":"https:\/\/www.greencampbridge.it\/de\/wp-json\/wp\/v2\/media?parent=4603"}],"curies":[{"name":"wp","href":"https:\/\/api.w.org\/{rel}","templated":true}]}}