{"id":4578,"date":"2021-07-02T19:23:42","date_gmt":"2021-07-02T19:23:42","guid":{"rendered":"https:\/\/greencampbridge.it\/privacy-policy\/"},"modified":"2024-06-24T15:01:02","modified_gmt":"2024-06-24T13:01:02","slug":"privacy-policy","status":"publish","type":"page","link":"https:\/\/www.greencampbridge.it\/de\/privacy-policy\/","title":{"rendered":"Datenschutz und Cookie-Richtlinie"},"content":{"rendered":"\r\n<h2 class=\"wp-block-heading\" id=\"privacy\">Privacy Policy<\/h2>\r\n<p><strong>Informationen im Sinne von Artikel 13 des Datenschutzgesetzes<\/strong><br><strong>Gem\u00e4\u00df Artikel 13 des Gesetzesdekrets 196\/2003 geben wir Ihnen die folgenden Informationen.<\/strong><\/p>\r\n<p><br>Wir von <strong>https:\/\/greencampbridge.it\/<\/strong> glauben, dass die Privatsph\u00e4re unserer Besucher sehr wichtig ist. In diesem Dokument wird detailliert beschrieben, welche Arten von pers\u00f6nlichen Daten auf unserer Website gesammelt und gespeichert werden und wie sie verwendet werden.<\/p>\r\n<h3>Registrierungsdateien<\/h3>\r\n<p>Wie viele andere Websites auch, verwendet unsere Website Protokolldateien. Diese Dateien zeichnen einfach die Besucher der Website auf &#8211; normalerweise ein Standardverfahren von Hosting-Unternehmen und Hosting-Analysediensten.<\/p>\r\n<p>Zu den in den Protokolldateien enthaltenen Informationen geh\u00f6ren Internetprotokolladressen (IP), Browsertyp, Internetdienstanbieter (ISP), Informationen wie Datum und Uhrzeit, Verweisseiten, Ausgangs- und Eingangsseiten oder die Anzahl der Klicks.<\/p>\r\n<p>Diese Informationen werden verwendet, um Trends zu analysieren, die Website zu verwalten, die Bewegungen der Nutzer auf der Website zu \u00fcberwachen und demografische Informationen zu sammeln. IP-Adressen und andere Informationen werden nicht mit pers\u00f6nlich identifizierbaren Informationen verkn\u00fcpft, <strong>so dass alle Daten in v\u00f6llig anonymer Form gesammelt werden.<\/strong><\/p>\r\n<div id=\"cookies\">\r\n<h3>Diese Website verwendet Cookies<\/h3>\r\n<p>Cookies sind kleine Textdateien, die automatisch im Browser auf dem PC des Surfers abgelegt werden. Sie enthalten grundlegende Informationen zur Internetnavigation und werden bei jedem Besuch der Website vom Browser erkannt.<\/p>\r\n<h3>Cookie-Richtlinie<\/h3>\r\n<p>Diese Website verwendet Cookies, einschlie\u00dflich Cookies von Drittanbietern, um das Surferlebnis zu verbessern, den Surfern die Nutzung von Online-Diensten zu erm\u00f6glichen und die Navigation auf der Website zu \u00fcberwachen.<\/p>\r\n<h3>So deaktivieren Sie Cookies<\/h3>\r\n<p>Es ist m\u00f6glich, Cookies direkt \u00fcber den verwendeten Browser zu deaktivieren, indem Sie auf die Einstellungen (Pr\u00e4ferenzen oder Optionen) zugreifen: Diese Wahl kann einige Navigationsfunktionen der Website einschr\u00e4nken.<\/p>\r\n<h3>Verwaltung von Cookies<\/h3>\r\n<p>Die auf dieser Website verwendeten Cookies k\u00f6nnen in die unten beschriebenen Kategorien fallen.<\/p>\r\n<ul>\r\n<li><strong>F\u00fcr den Betrieb unbedingt erforderliche Aktivit\u00e4ten<\/strong>. Diese Cookies sind technischer Natur und erm\u00f6glichen das korrekte Funktionieren der Website. Sie sorgen zum Beispiel daf\u00fcr, dass der Nutzer beim Surfen angemeldet bleibt, indem sie verhindern, dass die Website den Nutzer dazu auffordert, sich mehrmals anzumelden, um auf nachfolgende Seiten zuzugreifen.<\/li>\r\n<li><strong>Aktivit\u00e4ten zur Speicherung von Pr\u00e4ferenzen<\/strong>. Diese Cookies erm\u00f6glichen es, die vom Nutzer beim Surfen gew\u00e4hlten Pr\u00e4ferenzen zu speichern, z. B. die Einstellung der Sprache des Nutzers.<\/li>\r\n<li><strong>Statistische und publikumswirksame Aktivit\u00e4ten (z. B. Google Analytics)<\/strong>. Diese Cookies helfen uns, anhand anonymisierter und aggregierter Daten zu verstehen, wie die Nutzer mit den Websites interagieren, indem sie Informationen \u00fcber die besuchten Abschnitte, die auf der Website verbrachte Zeit und etwaige St\u00f6rungen liefern. Dies tr\u00e4gt dazu bei, die Leistung der Websites zu verbessern.<\/li>\r\n<li><strong>Cookies f\u00fcr soziale Medien (z. B. Facebook)<\/strong>. Diese Cookies von Drittanbietern werden verwendet, um einige beliebte Social-Media-Funktionen zu integrieren und sie auf der Website bereitzustellen. Sie erm\u00f6glichen insbesondere die Registrierung und Authentifizierung auf der Website \u00fcber Facebook und Google Connect, das Teilen und Kommentieren von Seiten in sozialen Netzwerken sowie die Aktivierung der &#8220;Gef\u00e4llt mir&#8221;-Funktion auf Facebook und des &#8220;+1\u2033 auf G+.<\/li>\r\n<\/ul>\r\n<\/div>\r\n<h3>Zweck der Verarbeitung<\/h3>\r\n<p>Die Daten k\u00f6nnen f\u00fcr einen oder mehrere der folgenden Zwecke erhoben werden:<\/p>\r\n<ul>\r\n<li>den Zugang zu den reservierten Bereichen des Portals und der mit diesem verbundenen Portale\/Sites sowie die Zusendung von Mitteilungen, auch kommerzieller Art, Nachrichten, Aktualisierungen zu den Initiativen dieser Website und der kontrollierten und\/oder verbundenen Unternehmen und\/oder Sponsoren.<\/li>\r\n<li>eventuelle Weitergabe der oben genannten Daten an Dritte, immer zum Zweck der Durchf\u00fchrung von E-Mail-Marketing-Kampagnen und des Versands kommerzieller Mitteilungen.<\/li>\r\n<li>Erf\u00fcllung von Verpflichtungen aus Gesetzen oder Vorschriften;<\/li>\r\n<li>Kontaktmanagement.<\/li>\r\n<\/ul>\r\n<h3>Modalit\u00e4ten der Behandlung<\/h3>\r\n<p>Die Daten werden auf folgende Weise verarbeitet:<\/p>\r\n<ul>\r\n<li>Einmalige Datenerfassung in einer speziellen Datenbank;<\/li>\r\n<li>Aufzeichnung und Verarbeitung auf Papier und\/oder magnetischen Medien;<\/li>\r\n<li>Organisation von Archiven in \u00fcberwiegend automatisierter Form gem\u00e4\u00df den technischen Vorschriften \u00fcber Mindestsicherheitsma\u00dfnahmen, Anhang B des Datenschutzgesetzes.<\/li>\r\n<\/ul>\r\n<h3>Obligatorischer Charakter<\/h3>\r\n<p>Alle geforderten Angaben sind obligatorisch.<\/p>\r\n<h3>Rechte der betroffenen Person<\/h3>\r\n<p>Gem\u00e4\u00df Art. 7 (Recht auf Zugang zu den pers\u00f6nlichen Daten und andere Rechte) des Datenschutzgesetzes m\u00f6chten wir Sie dar\u00fcber informieren, dass Sie folgende Rechte in Bezug auf die Datenverarbeitung haben:<\/p>\r\n<ul>\r\n<li>durch freien Zugang \u00fcber die Existenz von Datenverarbeitungsvorg\u00e4ngen, die Sie betreffen k\u00f6nnten, informiert zu werden;<\/li>\r\n<li>\u00fcber die Art und den Zweck der Verarbeitung informiert zu werden<\/li>\r\n<li>die der Inhaber unverz\u00fcglich erh\u00e4lt:<br>\r\n<ul>\r\n<li>eine Best\u00e4tigung, ob Sie betreffende personenbezogene Daten vorhanden sind oder nicht, auch wenn sie noch nicht gespeichert sind, und eine Mitteilung in verst\u00e4ndlicher Form \u00fcber diese Daten und ihre Herkunft sowie \u00fcber die Logik und die Zwecke, auf denen die Verarbeitung beruht; der Antrag kann bei Vorliegen berechtigter Gr\u00fcnde in Abst\u00e4nden von mindestens neunzig Tagen erneuert werden;<\/li>\r\n<li>die L\u00f6schung, Umwandlung in anonyme Form oder Sperrung von Daten, die unter Verletzung des Gesetzes verarbeitet wurden, einschlie\u00dflich Daten, deren Speicherung f\u00fcr die Zwecke, f\u00fcr die sie erhoben oder sp\u00e4ter verarbeitet wurden, nicht erforderlich ist;<\/li>\r\n<li>Aktualisierung, Berichtigung oder, falls gew\u00fcnscht, Integration der vorhandenen Daten;<\/li>\r\n<li>sich aus berechtigten Gr\u00fcnden der Verarbeitung der Sie betreffenden personenbezogenen Daten ganz oder teilweise zu widersetzen, auch wenn sie f\u00fcr den Zweck der Erhebung relevant sind;<\/li>\r\n<\/ul>\r\n<\/li>\r\n<\/ul>\r\n<p>Bitte beachten Sie, dass der f\u00fcr die Datenverarbeitung Verantwortliche f\u00fcr alle rechtlichen Zwecke ist:<\/p>\r\n<p><b><span id=\"azienda\">Green Camp Bridge<\/span><\/b><br>P. IVA <span id=\"iva\">04659740239<\/span><br>Codice Fiscale: <span id=\"iva\">04659740239<\/span><br><span id=\"indirizzo\">Via Riare, 2\/A, <\/span><span id=\"citta\">37017 \u2013 Pacengo di Lazise (VR)<\/span> <br>Tel: +39 351 7060700<span id=\"telefono\"><\/span><br>E-mail privacy:&nbsp;<span id=\"email\">info@greencampbridge.it<\/span><\/p>\r\n<p>Um Ihre Rechte gem\u00e4\u00df Artikel 7 des Datenschutzgesetzes auszu\u00fcben oder Ihre Daten aus dem Archiv l\u00f6schen zu lassen, kontaktieren Sie uns einfach \u00fcber einen der angegebenen Kan\u00e4le.<\/p>\r\n<p>Alle Daten werden durch den Einsatz von Antivirus, Firewall und Passwortschutz gesch\u00fctzt.<\/p>\r\n<h3>Informationen f\u00fcr Kinder<\/h3>\r\n<p>Wir halten es f\u00fcr wichtig, Kinder online zus\u00e4tzlich zu sch\u00fctzen. Wir ermutigen Eltern und Erziehungsberechtigte, Zeit mit ihren Kindern online zu verbringen, um deren Online-Aktivit\u00e4ten zu beobachten, daran teilzunehmen und\/oder sie zu \u00fcberwachen und anzuleiten. Wir sammeln keine personenbezogenen Daten von Minderj\u00e4hrigen. Wenn ein Elternteil oder ein Erziehungsberechtigter der Meinung ist, dass sich auf unserer Website personenbezogene Daten eines Kindes befinden, setzen Sie sich bitte umgehend mit uns in Verbindung (\u00fcber die angegebene E-Mail-Adresse). Wir werden uns bem\u00fchen, diese Daten so schnell wie m\u00f6glich zu entfernen.<\/p>\r\n<p>Diese Datenschutzrichtlinie gilt nur f\u00fcr unsere Online-Aktivit\u00e4ten und bezieht sich auf die Besucher unserer Website und auf die geteilten und\/oder gesammelten Informationen. Diese Richtlinie gilt nicht f\u00fcr Informationen, die offline oder \u00fcber andere Kan\u00e4le als diese Website gesammelt werden.<\/p>\r\n<h3>Zustimmung<\/h3>\r\n<p>Durch die Nutzung unserer Website erkl\u00e4ren Sie sich mit unserer Datenschutzpolitik einverstanden und stimmen deren Bedingungen zu. Wenn Sie weitere Informationen w\u00fcnschen oder Fragen zu unserer Datenschutzpolitik haben, z\u00f6gern Sie bitte nicht, uns zu kontaktieren.<\/p>\r\n","protected":false},"excerpt":{"rendered":"<p>Privacy Policy Informationen im Sinne von Artikel 13 des DatenschutzgesetzesGem\u00e4\u00df Artikel 13 des Gesetzesdekrets 196\/2003 geben wir Ihnen die folgenden Informationen. Wir von https:\/\/greencampbridge.it\/ glauben, dass die Privatsph\u00e4re unserer Besucher sehr wichtig ist. In diesem Dokument wird detailliert beschrieben, welche Arten von pers\u00f6nlichen Daten auf unserer Website gesammelt und gespeichert werden und wie sie verwendet [&hellip;]<\/p>\n","protected":false},"author":1,"featured_media":0,"parent":0,"menu_order":0,"comment_status":"closed","ping_status":"closed","template":"","meta":{"inline_featured_image":false,"ngg_post_thumbnail":0,"_joinchat":[],"footnotes":""},"class_list":["post-4578","page","type-page","status-publish","hentry"],"yoast_head":"<!-- This site is optimized with the Yoast SEO plugin v19.3 - https:\/\/yoast.com\/wordpress\/plugins\/seo\/ -->\n<title>Datenschutz und Cookie-Richtlinie - Green Camp Bridge<\/title>\n<meta name=\"robots\" content=\"index, follow, max-snippet:-1, max-image-preview:large, max-video-preview:-1\" \/>\n<link rel=\"canonical\" href=\"https:\/\/digital-specialist.it\/greencampbridge\/de\/privacy-policy\/\" \/>\n<meta property=\"og:locale\" content=\"de_DE\" \/>\n<meta property=\"og:type\" content=\"article\" \/>\n<meta property=\"og:title\" content=\"Datenschutz und Cookie-Richtlinie - Green Camp Bridge\" \/>\n<meta property=\"og:description\" content=\"Privacy Policy Informationen im Sinne von Artikel 13 des DatenschutzgesetzesGem\u00e4\u00df Artikel 13 des Gesetzesdekrets 196\/2003 geben wir Ihnen die folgenden Informationen. Wir von https:\/\/greencampbridge.it\/ glauben, dass die Privatsph\u00e4re unserer Besucher sehr wichtig ist. In diesem Dokument wird detailliert beschrieben, welche Arten von pers\u00f6nlichen Daten auf unserer Website gesammelt und gespeichert werden und wie sie verwendet [&hellip;]\" \/>\n<meta property=\"og:url\" content=\"https:\/\/digital-specialist.it\/greencampbridge\/de\/privacy-policy\/\" \/>\n<meta property=\"og:site_name\" content=\"Green Camp Bridge\" \/>\n<meta property=\"article:modified_time\" content=\"2024-06-24T13:01:02+00:00\" \/>\n<meta name=\"twitter:card\" content=\"summary_large_image\" \/>\n<meta name=\"twitter:label1\" content=\"Gesch\u00e4tzte Lesezeit\" \/>\n\t<meta name=\"twitter:data1\" content=\"5\u00a0Minuten\" \/>\n<script type=\"application\/ld+json\" class=\"yoast-schema-graph\">{\"@context\":\"https:\/\/schema.org\",\"@graph\":[{\"@type\":\"Organization\",\"@id\":\"https:\/\/digital-specialist.it\/greencampbridge\/#organization\",\"name\":\"Green Camp Bridge\",\"url\":\"https:\/\/digital-specialist.it\/greencampbridge\/\",\"sameAs\":[],\"logo\":{\"@type\":\"ImageObject\",\"inLanguage\":\"de\",\"@id\":\"https:\/\/digital-specialist.it\/greencampbridge\/#\/schema\/logo\/image\/\",\"url\":\"https:\/\/www.greencampbridge.it\/wp-content\/uploads\/2021\/08\/logo_vect_400-70.svg\",\"contentUrl\":\"https:\/\/www.greencampbridge.it\/wp-content\/uploads\/2021\/08\/logo_vect_400-70.svg\",\"width\":400,\"height\":70,\"caption\":\"Green Camp Bridge\"},\"image\":{\"@id\":\"https:\/\/digital-specialist.it\/greencampbridge\/#\/schema\/logo\/image\/\"}},{\"@type\":\"WebSite\",\"@id\":\"https:\/\/digital-specialist.it\/greencampbridge\/#website\",\"url\":\"https:\/\/digital-specialist.it\/greencampbridge\/\",\"name\":\"Green Camp Bridge\",\"description\":\"Agricampeggio\",\"publisher\":{\"@id\":\"https:\/\/digital-specialist.it\/greencampbridge\/#organization\"},\"potentialAction\":[{\"@type\":\"SearchAction\",\"target\":{\"@type\":\"EntryPoint\",\"urlTemplate\":\"https:\/\/digital-specialist.it\/greencampbridge\/?s={search_term_string}\"},\"query-input\":\"required name=search_term_string\"}],\"inLanguage\":\"de\"},{\"@type\":\"WebPage\",\"@id\":\"https:\/\/digital-specialist.it\/greencampbridge\/de\/privacy-policy\/\",\"url\":\"https:\/\/digital-specialist.it\/greencampbridge\/de\/privacy-policy\/\",\"name\":\"Datenschutz und Cookie-Richtlinie - Green Camp Bridge\",\"isPartOf\":{\"@id\":\"https:\/\/digital-specialist.it\/greencampbridge\/#website\"},\"datePublished\":\"2021-07-02T19:23:42+00:00\",\"dateModified\":\"2024-06-24T13:01:02+00:00\",\"breadcrumb\":{\"@id\":\"https:\/\/digital-specialist.it\/greencampbridge\/de\/privacy-policy\/#breadcrumb\"},\"inLanguage\":\"de\",\"potentialAction\":[{\"@type\":\"ReadAction\",\"target\":[\"https:\/\/digital-specialist.it\/greencampbridge\/de\/privacy-policy\/\"]}]},{\"@type\":\"BreadcrumbList\",\"@id\":\"https:\/\/digital-specialist.it\/greencampbridge\/de\/privacy-policy\/#breadcrumb\",\"itemListElement\":[{\"@type\":\"ListItem\",\"position\":1,\"name\":\"Home\",\"item\":\"https:\/\/www.greencampbridge.it\/de\/\"},{\"@type\":\"ListItem\",\"position\":2,\"name\":\"Datenschutz und Cookie-Richtlinie\"}]}]}<\/script>\n<!-- \/ Yoast SEO plugin. -->","yoast_head_json":{"title":"Datenschutz und Cookie-Richtlinie - Green Camp Bridge","robots":{"index":"index","follow":"follow","max-snippet":"max-snippet:-1","max-image-preview":"max-image-preview:large","max-video-preview":"max-video-preview:-1"},"canonical":"https:\/\/digital-specialist.it\/greencampbridge\/de\/privacy-policy\/","og_locale":"de_DE","og_type":"article","og_title":"Datenschutz und Cookie-Richtlinie - Green Camp Bridge","og_description":"Privacy Policy Informationen im Sinne von Artikel 13 des DatenschutzgesetzesGem\u00e4\u00df Artikel 13 des Gesetzesdekrets 196\/2003 geben wir Ihnen die folgenden Informationen. Wir von https:\/\/greencampbridge.it\/ glauben, dass die Privatsph\u00e4re unserer Besucher sehr wichtig ist. In diesem Dokument wird detailliert beschrieben, welche Arten von pers\u00f6nlichen Daten auf unserer Website gesammelt und gespeichert werden und wie sie verwendet [&hellip;]","og_url":"https:\/\/digital-specialist.it\/greencampbridge\/de\/privacy-policy\/","og_site_name":"Green Camp Bridge","article_modified_time":"2024-06-24T13:01:02+00:00","twitter_card":"summary_large_image","twitter_misc":{"Gesch\u00e4tzte Lesezeit":"5\u00a0Minuten"},"schema":{"@context":"https:\/\/schema.org","@graph":[{"@type":"Organization","@id":"https:\/\/digital-specialist.it\/greencampbridge\/#organization","name":"Green Camp Bridge","url":"https:\/\/digital-specialist.it\/greencampbridge\/","sameAs":[],"logo":{"@type":"ImageObject","inLanguage":"de","@id":"https:\/\/digital-specialist.it\/greencampbridge\/#\/schema\/logo\/image\/","url":"https:\/\/www.greencampbridge.it\/wp-content\/uploads\/2021\/08\/logo_vect_400-70.svg","contentUrl":"https:\/\/www.greencampbridge.it\/wp-content\/uploads\/2021\/08\/logo_vect_400-70.svg","width":400,"height":70,"caption":"Green Camp Bridge"},"image":{"@id":"https:\/\/digital-specialist.it\/greencampbridge\/#\/schema\/logo\/image\/"}},{"@type":"WebSite","@id":"https:\/\/digital-specialist.it\/greencampbridge\/#website","url":"https:\/\/digital-specialist.it\/greencampbridge\/","name":"Green Camp Bridge","description":"Agricampeggio","publisher":{"@id":"https:\/\/digital-specialist.it\/greencampbridge\/#organization"},"potentialAction":[{"@type":"SearchAction","target":{"@type":"EntryPoint","urlTemplate":"https:\/\/digital-specialist.it\/greencampbridge\/?s={search_term_string}"},"query-input":"required name=search_term_string"}],"inLanguage":"de"},{"@type":"WebPage","@id":"https:\/\/digital-specialist.it\/greencampbridge\/de\/privacy-policy\/","url":"https:\/\/digital-specialist.it\/greencampbridge\/de\/privacy-policy\/","name":"Datenschutz und Cookie-Richtlinie - Green Camp Bridge","isPartOf":{"@id":"https:\/\/digital-specialist.it\/greencampbridge\/#website"},"datePublished":"2021-07-02T19:23:42+00:00","dateModified":"2024-06-24T13:01:02+00:00","breadcrumb":{"@id":"https:\/\/digital-specialist.it\/greencampbridge\/de\/privacy-policy\/#breadcrumb"},"inLanguage":"de","potentialAction":[{"@type":"ReadAction","target":["https:\/\/digital-specialist.it\/greencampbridge\/de\/privacy-policy\/"]}]},{"@type":"BreadcrumbList","@id":"https:\/\/digital-specialist.it\/greencampbridge\/de\/privacy-policy\/#breadcrumb","itemListElement":[{"@type":"ListItem","position":1,"name":"Home","item":"https:\/\/www.greencampbridge.it\/de\/"},{"@type":"ListItem","position":2,"name":"Datenschutz und Cookie-Richtlinie"}]}]}},"_links":{"self":[{"href":"https:\/\/www.greencampbridge.it\/de\/wp-json\/wp\/v2\/pages\/4578","targetHints":{"allow":["GET"]}}],"collection":[{"href":"https:\/\/www.greencampbridge.it\/de\/wp-json\/wp\/v2\/pages"}],"about":[{"href":"https:\/\/www.greencampbridge.it\/de\/wp-json\/wp\/v2\/types\/page"}],"author":[{"embeddable":true,"href":"https:\/\/www.greencampbridge.it\/de\/wp-json\/wp\/v2\/users\/1"}],"replies":[{"embeddable":true,"href":"https:\/\/www.greencampbridge.it\/de\/wp-json\/wp\/v2\/comments?post=4578"}],"version-history":[{"count":7,"href":"https:\/\/www.greencampbridge.it\/de\/wp-json\/wp\/v2\/pages\/4578\/revisions"}],"predecessor-version":[{"id":6899,"href":"https:\/\/www.greencampbridge.it\/de\/wp-json\/wp\/v2\/pages\/4578\/revisions\/6899"}],"wp:attachment":[{"href":"https:\/\/www.greencampbridge.it\/de\/wp-json\/wp\/v2\/media?parent=4578"}],"curies":[{"name":"wp","href":"https:\/\/api.w.org\/{rel}","templated":true}]}}