{"id":4540,"date":"2021-08-04T21:32:43","date_gmt":"2021-08-04T21:32:43","guid":{"rendered":"https:\/\/greencampbridge.it\/nei-dintorni\/"},"modified":"2024-06-26T09:33:59","modified_gmt":"2024-06-26T07:33:59","slug":"nei-dintorni","status":"publish","type":"page","link":"https:\/\/www.greencampbridge.it\/de\/attivita\/nei-dintorni\/","title":{"rendered":"Dienstleistungen"},"content":{"rendered":"\t\t<div data-elementor-type=\"wp-page\" data-elementor-id=\"4540\" class=\"elementor elementor-4540 elementor-958\" data-elementor-settings=\"[]\">\n\t\t\t\t\t\t\t<div class=\"elementor-section-wrap\">\n\t\t\t\t\t\t\t<section class=\"elementor-section elementor-top-section elementor-element elementor-element-2373444 elementor-section-boxed elementor-section-height-default elementor-section-height-default\" data-id=\"2373444\" data-element_type=\"section\">\n\t\t\t\t\t\t<div class=\"elementor-container elementor-column-gap-default\">\n\t\t\t\t\t<div class=\"elementor-column elementor-col-100 elementor-top-column elementor-element elementor-element-e7d6a35\" data-id=\"e7d6a35\" data-element_type=\"column\">\n\t\t\t<div class=\"elementor-widget-wrap elementor-element-populated\">\n\t\t\t\t\t\t\t\t<div class=\"elementor-element elementor-element-8e7ba8b elementor-widget elementor-widget-text-editor\" data-id=\"8e7ba8b\" data-element_type=\"widget\" data-widget_type=\"text-editor.default\">\n\t\t\t\t<div class=\"elementor-widget-container\">\n\t\t\t\t\t\t\tDas <strong> Agricamping Green Camp Bridge <\/strong> befindet sich in <strong> Pacengo di Lazise <\/strong>, nur 10 Gehminuten vom Stadtzentrum entfernt. Der See befindet sich direkt vor unserer Struktur und ist daher bequem zu Fu\u00df erreichbar. Au\u00dferdem befindet sich nur wenige hundert Meter von unserem Agricamping entfernt an der Hauptstra\u00dfe die Bushaltestelle, das Krankenhaus von Peschiera 4 km und der Bahnhof von Peschiera 5 km.\t\t\t\t\t\t<\/div>\n\t\t\t\t<\/div>\n\t\t\t\t\t<\/div>\n\t\t<\/div>\n\t\t\t\t\t\t\t<\/div>\n\t\t<\/section>\n\t\t\t\t<section class=\"elementor-section elementor-top-section elementor-element elementor-element-fb8660e elementor-section-boxed elementor-section-height-default elementor-section-height-default\" data-id=\"fb8660e\" data-element_type=\"section\">\n\t\t\t\t\t\t<div class=\"elementor-container elementor-column-gap-default\">\n\t\t\t\t\t<div class=\"elementor-column elementor-col-100 elementor-top-column elementor-element elementor-element-eb59dc3\" data-id=\"eb59dc3\" data-element_type=\"column\">\n\t\t\t<div class=\"elementor-widget-wrap elementor-element-populated\">\n\t\t\t\t\t\t\t\t<div class=\"elementor-element elementor-element-622b49d elementor-widget elementor-widget-google_maps\" data-id=\"622b49d\" data-element_type=\"widget\" data-widget_type=\"google_maps.default\">\n\t\t\t\t<div class=\"elementor-widget-container\">\n\t\t\t\t\t<div class=\"elementor-custom-embed\">\n\t\t\t<iframe frameborder=\"0\" scrolling=\"no\" marginheight=\"0\" marginwidth=\"0\"\n\t\t\t\t\tsrc=\"https:\/\/maps.google.com\/maps?q=green%20camp%20bridge%20pacengo&#038;t=m&#038;z=15&#038;output=embed&#038;iwloc=near\"\n\t\t\t\t\ttitle=\"green camp bridge pacengo\"\n\t\t\t\t\taria-label=\"green camp bridge pacengo\"\n\t\t\t><\/iframe>\n\t\t<\/div>\n\t\t\t\t<\/div>\n\t\t\t\t<\/div>\n\t\t\t\t\t<\/div>\n\t\t<\/div>\n\t\t\t\t\t\t\t<\/div>\n\t\t<\/section>\n\t\t\t\t<section class=\"elementor-section elementor-top-section elementor-element elementor-element-f6bd51b elementor-section-boxed elementor-section-height-default elementor-section-height-default\" data-id=\"f6bd51b\" data-element_type=\"section\">\n\t\t\t\t\t\t<div class=\"elementor-container elementor-column-gap-default\">\n\t\t\t\t\t<div class=\"elementor-column elementor-col-100 elementor-top-column elementor-element elementor-element-f66e8e9\" data-id=\"f66e8e9\" data-element_type=\"column\">\n\t\t\t<div class=\"elementor-widget-wrap elementor-element-populated\">\n\t\t\t\t\t\t\t\t<section class=\"elementor-section elementor-inner-section elementor-element elementor-element-201bad3 elementor-section-boxed elementor-section-height-default elementor-section-height-default\" data-id=\"201bad3\" data-element_type=\"section\">\n\t\t\t\t\t\t<div class=\"elementor-container elementor-column-gap-default\">\n\t\t\t\t\t<div class=\"elementor-column elementor-col-50 elementor-inner-column elementor-element elementor-element-9f2366f\" data-id=\"9f2366f\" data-element_type=\"column\">\n\t\t\t<div class=\"elementor-widget-wrap elementor-element-populated\">\n\t\t\t\t\t\t\t\t<div class=\"elementor-element elementor-element-e1f613e elementor-widget elementor-widget-image\" data-id=\"e1f613e\" data-element_type=\"widget\" data-widget_type=\"image.default\">\n\t\t\t\t<div class=\"elementor-widget-container\">\n\t\t\t\t\t\t\t\t\t\t\t\t\t\t\t<img loading=\"lazy\" decoding=\"async\" width=\"844\" height=\"563\" src=\"https:\/\/www.greencampbridge.it\/wp-content\/uploads\/2021\/08\/iStock-1223079552-1024x683.jpg\" class=\"attachment-large size-large\" alt=\"\" srcset=\"https:\/\/www.greencampbridge.it\/wp-content\/uploads\/2021\/08\/iStock-1223079552-1024x683.jpg 1024w, https:\/\/www.greencampbridge.it\/wp-content\/uploads\/2021\/08\/iStock-1223079552-300x200.jpg 300w, https:\/\/www.greencampbridge.it\/wp-content\/uploads\/2021\/08\/iStock-1223079552-768x513.jpg 768w, https:\/\/www.greencampbridge.it\/wp-content\/uploads\/2021\/08\/iStock-1223079552-1536x1025.jpg 1536w, https:\/\/www.greencampbridge.it\/wp-content\/uploads\/2021\/08\/iStock-1223079552-2048x1367.jpg 2048w, https:\/\/www.greencampbridge.it\/wp-content\/uploads\/2021\/08\/iStock-1223079552-891x595.jpg 891w\" sizes=\"auto, (max-width: 844px) 100vw, 844px\" \/>\t\t\t\t\t\t\t\t\t\t\t\t\t\t\t<\/div>\n\t\t\t\t<\/div>\n\t\t\t\t\t<\/div>\n\t\t<\/div>\n\t\t\t\t<div class=\"elementor-column elementor-col-50 elementor-inner-column elementor-element elementor-element-def8059\" data-id=\"def8059\" data-element_type=\"column\">\n\t\t\t<div class=\"elementor-widget-wrap elementor-element-populated\">\n\t\t\t\t\t\t\t\t<div class=\"elementor-element elementor-element-f8d1277 elementor-widget elementor-widget-text-editor\" data-id=\"f8d1277\" data-element_type=\"widget\" data-widget_type=\"text-editor.default\">\n\t\t\t\t<div class=\"elementor-widget-container\">\n\t\t\t\t\t\t\t<strong> Viele Dienstleistungen sind in der Umgebung verf\u00fcgbar, darunter: <\/strong>\n<ul>\n  <li> Bars, Pizzerien und Restaurants am Seeufer. <\/li>\n  <li> Superm\u00e4rkte und Markt. <\/li>\n  <li> Kiosk und Tabakladen im Zentrum von Pacengo. <\/li>\n  <li>Apotheke, Arzt (im Zentrum von Pacengo, 1 km entfernt).<\/li>\n  <li>Fahrradverleih (Lazise 50 min zu Fu\u00df).<\/li>\n  <li>Str\u00e4nde des Sees in 5 Minuten zu Fu\u00df erreichbar.<\/li>\n  <li> Bootsverleih oder sportliche Aktivit\u00e4ten. <\/li>\n  <li> Vergn\u00fcgungsparks. <\/li>\n  <li> Pflegeheim Dr. Pederzoli 4 km <\/li>\n  <li> Radwege. <\/li>\n  <li> Hafen mit freiem Zugang zum Wasser f\u00fcr Boote. <\/li>\n<\/ul>\t\t\t\t\t\t<\/div>\n\t\t\t\t<\/div>\n\t\t\t\t\t<\/div>\n\t\t<\/div>\n\t\t\t\t\t\t\t<\/div>\n\t\t<\/section>\n\t\t\t\t<section class=\"elementor-section elementor-inner-section elementor-element elementor-element-804bf26 elementor-section-boxed elementor-section-height-default elementor-section-height-default\" data-id=\"804bf26\" data-element_type=\"section\">\n\t\t\t\t\t\t<div class=\"elementor-container elementor-column-gap-default\">\n\t\t\t\t\t<div class=\"elementor-column elementor-col-50 elementor-inner-column elementor-element elementor-element-90fd643\" data-id=\"90fd643\" data-element_type=\"column\">\n\t\t\t<div class=\"elementor-widget-wrap elementor-element-populated\">\n\t\t\t\t\t\t\t\t<div class=\"elementor-element elementor-element-b9eb7ba elementor-widget elementor-widget-image\" data-id=\"b9eb7ba\" data-element_type=\"widget\" data-widget_type=\"image.default\">\n\t\t\t\t<div class=\"elementor-widget-container\">\n\t\t\t\t\t\t\t\t\t\t\t\t\t\t\t<img loading=\"lazy\" decoding=\"async\" width=\"844\" height=\"563\" src=\"https:\/\/www.greencampbridge.it\/wp-content\/uploads\/2024\/06\/mercati_lago-1024x683.png\" class=\"attachment-large size-large\" alt=\"\" srcset=\"https:\/\/www.greencampbridge.it\/wp-content\/uploads\/2024\/06\/mercati_lago-1024x683.png 1024w, https:\/\/www.greencampbridge.it\/wp-content\/uploads\/2024\/06\/mercati_lago-300x200.png 300w, https:\/\/www.greencampbridge.it\/wp-content\/uploads\/2024\/06\/mercati_lago-768x513.png 768w, https:\/\/www.greencampbridge.it\/wp-content\/uploads\/2024\/06\/mercati_lago-1536x1025.png 1536w, https:\/\/www.greencampbridge.it\/wp-content\/uploads\/2024\/06\/mercati_lago-2048x1367.png 2048w, https:\/\/www.greencampbridge.it\/wp-content\/uploads\/2024\/06\/mercati_lago-891x595.png 891w\" sizes=\"auto, (max-width: 844px) 100vw, 844px\" \/>\t\t\t\t\t\t\t\t\t\t\t\t\t\t\t<\/div>\n\t\t\t\t<\/div>\n\t\t\t\t\t<\/div>\n\t\t<\/div>\n\t\t\t\t<div class=\"elementor-column elementor-col-50 elementor-inner-column elementor-element elementor-element-17eb675\" data-id=\"17eb675\" data-element_type=\"column\">\n\t\t\t<div class=\"elementor-widget-wrap elementor-element-populated\">\n\t\t\t\t\t\t\t\t<div class=\"elementor-element elementor-element-08876ca elementor-widget elementor-widget-text-editor\" data-id=\"08876ca\" data-element_type=\"widget\" data-widget_type=\"text-editor.default\">\n\t\t\t\t<div class=\"elementor-widget-container\">\n\t\t\t\t\t\t\t<p><strong>Wochenm\u00e4rkte am Gardasee<\/strong><\/p><p><strong>Montag:: <\/strong>Peschiera del Garda, Torri del Benaco, San Zeno di Montagna, Colombare di Sirmione, Moniga del Garda.<br \/><strong>Dienstag: <\/strong>Castelnuovo del Garda, Castelletto di Brenzone, Cavaion Veronese, Desenzano, Tignale, Limone sul Garda.<br \/><strong>Mittwoch: <\/strong>Lazise, Gargnano, San Felice del Benaco.<br \/><strong>Donnerstag: <\/strong>Bardolino, Col\u00e0 di Lazise, Bussolengo, Toscolano Maderno.<br \/><strong>Freitag: <\/strong>Garda, Lugana di Sirmione, Manerba del Garda, Soiano del Lago.<br \/><strong>Samstag: <\/strong>Pacengo (Lazise), Malcesine, Caprino Veronese, Padenghe, Sal\u00f2.<\/p>\t\t\t\t\t\t<\/div>\n\t\t\t\t<\/div>\n\t\t\t\t<div class=\"elementor-element elementor-element-a01024d elementor-widget elementor-widget-text-editor\" data-id=\"a01024d\" data-element_type=\"widget\" data-widget_type=\"text-editor.default\">\n\t\t\t\t<div class=\"elementor-widget-container\">\n\t\t\t\t\t\t\t<p><strong>0-KM-M\u00c4RKTE<\/strong><br>Produkte, die direkt beim Erzeuger gekauft werden k\u00f6nnen:<br><\/p>\n<p><strong>Dienstag<\/strong>: Bussolengo &#8211; Piazza XXVI Aprile<br><strong>Donnerstag<\/strong>: Brenzone in Loc. Assenza \u2013 Piazza S. Nicol\u00f2<br><strong>Freitag<\/strong>: Pacengo (Lazise) &#8211; Piazza Marengo,<br>Torri del Benaco &#8211; Via Marconi<br><strong>Samstag<\/strong>: Calmasino&nbsp; &#8211; Piazza della Battaglia<br><strong>Sonntag<\/strong>: Castelnuovo del Garda &#8211; Via Marconi, Costermano &#8211; Fraz. Albar\u00e8<\/p>\t\t\t\t\t\t<\/div>\n\t\t\t\t<\/div>\n\t\t\t\t\t<\/div>\n\t\t<\/div>\n\t\t\t\t\t\t\t<\/div>\n\t\t<\/section>\n\t\t\t\t<section class=\"elementor-section elementor-inner-section elementor-element elementor-element-22b0fd8 elementor-section-boxed elementor-section-height-default elementor-section-height-default\" data-id=\"22b0fd8\" data-element_type=\"section\">\n\t\t\t\t\t\t<div class=\"elementor-container elementor-column-gap-default\">\n\t\t\t\t\t<div class=\"elementor-column elementor-col-50 elementor-inner-column elementor-element elementor-element-2966618\" data-id=\"2966618\" data-element_type=\"column\">\n\t\t\t<div class=\"elementor-widget-wrap elementor-element-populated\">\n\t\t\t\t\t\t\t\t<div class=\"elementor-element elementor-element-71f6ff8 elementor-widget elementor-widget-image\" data-id=\"71f6ff8\" data-element_type=\"widget\" data-widget_type=\"image.default\">\n\t\t\t\t<div class=\"elementor-widget-container\">\n\t\t\t\t\t\t\t\t\t\t\t\t\t\t\t<img loading=\"lazy\" decoding=\"async\" width=\"844\" height=\"563\" src=\"https:\/\/www.greencampbridge.it\/wp-content\/uploads\/2024\/06\/centri_comm-1024x683.jpg\" class=\"attachment-large size-large\" alt=\"\" srcset=\"https:\/\/www.greencampbridge.it\/wp-content\/uploads\/2024\/06\/centri_comm-1024x683.jpg 1024w, https:\/\/www.greencampbridge.it\/wp-content\/uploads\/2024\/06\/centri_comm-300x200.jpg 300w, https:\/\/www.greencampbridge.it\/wp-content\/uploads\/2024\/06\/centri_comm-768x513.jpg 768w, https:\/\/www.greencampbridge.it\/wp-content\/uploads\/2024\/06\/centri_comm-1536x1025.jpg 1536w, https:\/\/www.greencampbridge.it\/wp-content\/uploads\/2024\/06\/centri_comm-2048x1367.jpg 2048w, https:\/\/www.greencampbridge.it\/wp-content\/uploads\/2024\/06\/centri_comm-891x595.jpg 891w\" sizes=\"auto, (max-width: 844px) 100vw, 844px\" \/>\t\t\t\t\t\t\t\t\t\t\t\t\t\t\t<\/div>\n\t\t\t\t<\/div>\n\t\t\t\t\t<\/div>\n\t\t<\/div>\n\t\t\t\t<div class=\"elementor-column elementor-col-50 elementor-inner-column elementor-element elementor-element-2649cb2\" data-id=\"2649cb2\" data-element_type=\"column\">\n\t\t\t<div class=\"elementor-widget-wrap elementor-element-populated\">\n\t\t\t\t\t\t\t\t<div class=\"elementor-element elementor-element-2d42ba1 elementor-widget elementor-widget-text-editor\" data-id=\"2d42ba1\" data-element_type=\"widget\" data-widget_type=\"text-editor.default\">\n\t\t\t\t<div class=\"elementor-widget-container\">\n\t\t\t\t\t\t\t<p><strong>Nahe gelegene EINKAUFSZENTREN<br \/><\/strong><\/p><ul><li><a href=\"https:\/\/grandaffi.it\/\" target=\"_blank\" rel=\"noopener\">Grand&#8217;Affi Shopping Center<\/a><\/li><li><a href=\"https:\/\/www.lagrandemela.it\/\" target=\"_blank\" rel=\"noopener\">La Grande Mela Shoppingland<\/a><\/li><li><a href=\"https:\/\/www.portedelladige.it\/\" target=\"_blank\" rel=\"noopener\">Porte dell\u2019Adige<\/a><\/li><li><a href=\"https:\/\/www.adigeo.com\/\" target=\"_blank\" rel=\"noopener\">Adigeo<\/a><\/li><li><a href=\"https:\/\/illeonedilonato.klepierre.it\/?gad_source=1&amp;gclid=EAIaIQobChMIsoWAkN_4hgMV7paDBx1ePwzsEAAYASAAEgL2f_D_BwE\" target=\"_blank\" rel=\"noopener\">Il Leone Shopping Center<\/a><\/li><\/ul>\t\t\t\t\t\t<\/div>\n\t\t\t\t<\/div>\n\t\t\t\t\t<\/div>\n\t\t<\/div>\n\t\t\t\t\t\t\t<\/div>\n\t\t<\/section>\n\t\t\t\t\t<\/div>\n\t\t<\/div>\n\t\t\t\t\t\t\t<\/div>\n\t\t<\/section>\n\t\t\t\t\t\t<\/div>\n\t\t\t\t\t<\/div>\n\t\t","protected":false},"excerpt":{"rendered":"<p>Das Agricamping Green Camp Bridge befindet sich in Pacengo di Lazise , nur 10 Gehminuten vom Stadtzentrum entfernt. Der See befindet sich direkt vor unserer Struktur und ist daher bequem zu Fu\u00df erreichbar. Au\u00dferdem befindet sich nur wenige hundert Meter von unserem Agricamping entfernt an der Hauptstra\u00dfe die Bushaltestelle, das Krankenhaus von Peschiera 4 km [&hellip;]<\/p>\n","protected":false},"author":1,"featured_media":0,"parent":4603,"menu_order":0,"comment_status":"closed","ping_status":"closed","template":"","meta":{"inline_featured_image":false,"ngg_post_thumbnail":0,"_joinchat":[],"footnotes":""},"class_list":["post-4540","page","type-page","status-publish","hentry"],"yoast_head":"<!-- This site is optimized with the Yoast SEO plugin v19.3 - https:\/\/yoast.com\/wordpress\/plugins\/seo\/ -->\n<title>Dienstleistungen - Green Camp Bridge<\/title>\n<meta name=\"robots\" content=\"index, follow, max-snippet:-1, max-image-preview:large, max-video-preview:-1\" \/>\n<link rel=\"canonical\" href=\"https:\/\/digital-specialist.it\/greencampbridge\/de\/attivita\/nei-dintorni\/\" \/>\n<meta property=\"og:locale\" content=\"de_DE\" \/>\n<meta property=\"og:type\" content=\"article\" \/>\n<meta property=\"og:title\" content=\"Dienstleistungen - Green Camp Bridge\" \/>\n<meta property=\"og:description\" content=\"Das Agricamping Green Camp Bridge befindet sich in Pacengo di Lazise , nur 10 Gehminuten vom Stadtzentrum entfernt. Der See befindet sich direkt vor unserer Struktur und ist daher bequem zu Fu\u00df erreichbar. Au\u00dferdem befindet sich nur wenige hundert Meter von unserem Agricamping entfernt an der Hauptstra\u00dfe die Bushaltestelle, das Krankenhaus von Peschiera 4 km [&hellip;]\" \/>\n<meta property=\"og:url\" content=\"https:\/\/digital-specialist.it\/greencampbridge\/de\/attivita\/nei-dintorni\/\" \/>\n<meta property=\"og:site_name\" content=\"Green Camp Bridge\" \/>\n<meta property=\"article:modified_time\" content=\"2024-06-26T07:33:59+00:00\" \/>\n<meta property=\"og:image\" content=\"https:\/\/digital-specialist.it\/greencampbridge\/wp-content\/uploads\/2021\/08\/iStock-1223079552-1024x683.jpg\" \/>\n<meta name=\"twitter:card\" content=\"summary_large_image\" \/>\n<meta name=\"twitter:label1\" content=\"Gesch\u00e4tzte Lesezeit\" \/>\n\t<meta name=\"twitter:data1\" content=\"1\u00a0Minute\" \/>\n<script type=\"application\/ld+json\" class=\"yoast-schema-graph\">{\"@context\":\"https:\/\/schema.org\",\"@graph\":[{\"@type\":\"Organization\",\"@id\":\"https:\/\/digital-specialist.it\/greencampbridge\/#organization\",\"name\":\"Green Camp Bridge\",\"url\":\"https:\/\/digital-specialist.it\/greencampbridge\/\",\"sameAs\":[],\"logo\":{\"@type\":\"ImageObject\",\"inLanguage\":\"de\",\"@id\":\"https:\/\/digital-specialist.it\/greencampbridge\/#\/schema\/logo\/image\/\",\"url\":\"https:\/\/www.greencampbridge.it\/wp-content\/uploads\/2021\/08\/logo_vect_400-70.svg\",\"contentUrl\":\"https:\/\/www.greencampbridge.it\/wp-content\/uploads\/2021\/08\/logo_vect_400-70.svg\",\"width\":400,\"height\":70,\"caption\":\"Green Camp Bridge\"},\"image\":{\"@id\":\"https:\/\/digital-specialist.it\/greencampbridge\/#\/schema\/logo\/image\/\"}},{\"@type\":\"WebSite\",\"@id\":\"https:\/\/digital-specialist.it\/greencampbridge\/#website\",\"url\":\"https:\/\/digital-specialist.it\/greencampbridge\/\",\"name\":\"Green Camp Bridge\",\"description\":\"Agricampeggio\",\"publisher\":{\"@id\":\"https:\/\/digital-specialist.it\/greencampbridge\/#organization\"},\"potentialAction\":[{\"@type\":\"SearchAction\",\"target\":{\"@type\":\"EntryPoint\",\"urlTemplate\":\"https:\/\/digital-specialist.it\/greencampbridge\/?s={search_term_string}\"},\"query-input\":\"required name=search_term_string\"}],\"inLanguage\":\"de\"},{\"@type\":\"ImageObject\",\"inLanguage\":\"de\",\"@id\":\"https:\/\/digital-specialist.it\/greencampbridge\/de\/attivita\/nei-dintorni\/#primaryimage\",\"url\":\"https:\/\/www.greencampbridge.it\/wp-content\/uploads\/2021\/08\/iStock-1223079552-1024x683.jpg\",\"contentUrl\":\"https:\/\/www.greencampbridge.it\/wp-content\/uploads\/2021\/08\/iStock-1223079552-1024x683.jpg\"},{\"@type\":\"WebPage\",\"@id\":\"https:\/\/digital-specialist.it\/greencampbridge\/de\/attivita\/nei-dintorni\/\",\"url\":\"https:\/\/digital-specialist.it\/greencampbridge\/de\/attivita\/nei-dintorni\/\",\"name\":\"Dienstleistungen - Green Camp Bridge\",\"isPartOf\":{\"@id\":\"https:\/\/digital-specialist.it\/greencampbridge\/#website\"},\"primaryImageOfPage\":{\"@id\":\"https:\/\/digital-specialist.it\/greencampbridge\/de\/attivita\/nei-dintorni\/#primaryimage\"},\"datePublished\":\"2021-08-04T21:32:43+00:00\",\"dateModified\":\"2024-06-26T07:33:59+00:00\",\"breadcrumb\":{\"@id\":\"https:\/\/digital-specialist.it\/greencampbridge\/de\/attivita\/nei-dintorni\/#breadcrumb\"},\"inLanguage\":\"de\",\"potentialAction\":[{\"@type\":\"ReadAction\",\"target\":[\"https:\/\/digital-specialist.it\/greencampbridge\/de\/attivita\/nei-dintorni\/\"]}]},{\"@type\":\"BreadcrumbList\",\"@id\":\"https:\/\/digital-specialist.it\/greencampbridge\/de\/attivita\/nei-dintorni\/#breadcrumb\",\"itemListElement\":[{\"@type\":\"ListItem\",\"position\":1,\"name\":\"Home\",\"item\":\"https:\/\/www.greencampbridge.it\/de\/\"},{\"@type\":\"ListItem\",\"position\":2,\"name\":\"Aktivit\u00e4ten\",\"item\":\"https:\/\/digital-specialist.it\/greencampbridge\/de\/attivita\/\"},{\"@type\":\"ListItem\",\"position\":3,\"name\":\"Dienstleistungen\"}]}]}<\/script>\n<!-- \/ Yoast SEO plugin. -->","yoast_head_json":{"title":"Dienstleistungen - Green Camp Bridge","robots":{"index":"index","follow":"follow","max-snippet":"max-snippet:-1","max-image-preview":"max-image-preview:large","max-video-preview":"max-video-preview:-1"},"canonical":"https:\/\/digital-specialist.it\/greencampbridge\/de\/attivita\/nei-dintorni\/","og_locale":"de_DE","og_type":"article","og_title":"Dienstleistungen - Green Camp Bridge","og_description":"Das Agricamping Green Camp Bridge befindet sich in Pacengo di Lazise , nur 10 Gehminuten vom Stadtzentrum entfernt. Der See befindet sich direkt vor unserer Struktur und ist daher bequem zu Fu\u00df erreichbar. Au\u00dferdem befindet sich nur wenige hundert Meter von unserem Agricamping entfernt an der Hauptstra\u00dfe die Bushaltestelle, das Krankenhaus von Peschiera 4 km [&hellip;]","og_url":"https:\/\/digital-specialist.it\/greencampbridge\/de\/attivita\/nei-dintorni\/","og_site_name":"Green Camp Bridge","article_modified_time":"2024-06-26T07:33:59+00:00","og_image":[{"url":"https:\/\/digital-specialist.it\/greencampbridge\/wp-content\/uploads\/2021\/08\/iStock-1223079552-1024x683.jpg"}],"twitter_card":"summary_large_image","twitter_misc":{"Gesch\u00e4tzte Lesezeit":"1\u00a0Minute"},"schema":{"@context":"https:\/\/schema.org","@graph":[{"@type":"Organization","@id":"https:\/\/digital-specialist.it\/greencampbridge\/#organization","name":"Green Camp Bridge","url":"https:\/\/digital-specialist.it\/greencampbridge\/","sameAs":[],"logo":{"@type":"ImageObject","inLanguage":"de","@id":"https:\/\/digital-specialist.it\/greencampbridge\/#\/schema\/logo\/image\/","url":"https:\/\/www.greencampbridge.it\/wp-content\/uploads\/2021\/08\/logo_vect_400-70.svg","contentUrl":"https:\/\/www.greencampbridge.it\/wp-content\/uploads\/2021\/08\/logo_vect_400-70.svg","width":400,"height":70,"caption":"Green Camp Bridge"},"image":{"@id":"https:\/\/digital-specialist.it\/greencampbridge\/#\/schema\/logo\/image\/"}},{"@type":"WebSite","@id":"https:\/\/digital-specialist.it\/greencampbridge\/#website","url":"https:\/\/digital-specialist.it\/greencampbridge\/","name":"Green Camp Bridge","description":"Agricampeggio","publisher":{"@id":"https:\/\/digital-specialist.it\/greencampbridge\/#organization"},"potentialAction":[{"@type":"SearchAction","target":{"@type":"EntryPoint","urlTemplate":"https:\/\/digital-specialist.it\/greencampbridge\/?s={search_term_string}"},"query-input":"required name=search_term_string"}],"inLanguage":"de"},{"@type":"ImageObject","inLanguage":"de","@id":"https:\/\/digital-specialist.it\/greencampbridge\/de\/attivita\/nei-dintorni\/#primaryimage","url":"https:\/\/www.greencampbridge.it\/wp-content\/uploads\/2021\/08\/iStock-1223079552-1024x683.jpg","contentUrl":"https:\/\/www.greencampbridge.it\/wp-content\/uploads\/2021\/08\/iStock-1223079552-1024x683.jpg"},{"@type":"WebPage","@id":"https:\/\/digital-specialist.it\/greencampbridge\/de\/attivita\/nei-dintorni\/","url":"https:\/\/digital-specialist.it\/greencampbridge\/de\/attivita\/nei-dintorni\/","name":"Dienstleistungen - Green Camp Bridge","isPartOf":{"@id":"https:\/\/digital-specialist.it\/greencampbridge\/#website"},"primaryImageOfPage":{"@id":"https:\/\/digital-specialist.it\/greencampbridge\/de\/attivita\/nei-dintorni\/#primaryimage"},"datePublished":"2021-08-04T21:32:43+00:00","dateModified":"2024-06-26T07:33:59+00:00","breadcrumb":{"@id":"https:\/\/digital-specialist.it\/greencampbridge\/de\/attivita\/nei-dintorni\/#breadcrumb"},"inLanguage":"de","potentialAction":[{"@type":"ReadAction","target":["https:\/\/digital-specialist.it\/greencampbridge\/de\/attivita\/nei-dintorni\/"]}]},{"@type":"BreadcrumbList","@id":"https:\/\/digital-specialist.it\/greencampbridge\/de\/attivita\/nei-dintorni\/#breadcrumb","itemListElement":[{"@type":"ListItem","position":1,"name":"Home","item":"https:\/\/www.greencampbridge.it\/de\/"},{"@type":"ListItem","position":2,"name":"Aktivit\u00e4ten","item":"https:\/\/digital-specialist.it\/greencampbridge\/de\/attivita\/"},{"@type":"ListItem","position":3,"name":"Dienstleistungen"}]}]}},"_links":{"self":[{"href":"https:\/\/www.greencampbridge.it\/de\/wp-json\/wp\/v2\/pages\/4540","targetHints":{"allow":["GET"]}}],"collection":[{"href":"https:\/\/www.greencampbridge.it\/de\/wp-json\/wp\/v2\/pages"}],"about":[{"href":"https:\/\/www.greencampbridge.it\/de\/wp-json\/wp\/v2\/types\/page"}],"author":[{"embeddable":true,"href":"https:\/\/www.greencampbridge.it\/de\/wp-json\/wp\/v2\/users\/1"}],"replies":[{"embeddable":true,"href":"https:\/\/www.greencampbridge.it\/de\/wp-json\/wp\/v2\/comments?post=4540"}],"version-history":[{"count":17,"href":"https:\/\/www.greencampbridge.it\/de\/wp-json\/wp\/v2\/pages\/4540\/revisions"}],"predecessor-version":[{"id":7014,"href":"https:\/\/www.greencampbridge.it\/de\/wp-json\/wp\/v2\/pages\/4540\/revisions\/7014"}],"up":[{"embeddable":true,"href":"https:\/\/www.greencampbridge.it\/de\/wp-json\/wp\/v2\/pages\/4603"}],"wp:attachment":[{"href":"https:\/\/www.greencampbridge.it\/de\/wp-json\/wp\/v2\/media?parent=4540"}],"curies":[{"name":"wp","href":"https:\/\/api.w.org\/{rel}","templated":true}]}}