{"id":4529,"date":"2021-08-08T21:37:52","date_gmt":"2021-08-08T21:37:52","guid":{"rendered":"https:\/\/greencampbridge.it\/vacanza-in-sicurezza\/"},"modified":"2022-07-29T14:26:22","modified_gmt":"2022-07-29T14:26:22","slug":"vacanza-in-sicurezza","status":"publish","type":"page","link":"https:\/\/www.greencampbridge.it\/de\/vacanza-in-sicurezza\/","title":{"rendered":"Sicherer Urlaub"},"content":{"rendered":"<p><strong>VERORDNUNG ZUR BEK\u00c4MPFUNG DER VERBREITUNG VON COVID-19<\/strong><\/p>\n<p>Ihr Aufenthalt in unserem Agricamping wird sicher sein, wenn Sie diese einfachen Regeln befolgen:<\/p>\n<p>Personen mit einer K\u00f6rpertemperatur \u00fcber 37,5 \u00b0C ist das Betreten des Campingplatzes nicht gestattet.<br \/>\nEinhaltung des Mindestabstands von 1 Meter zu Personen, die nicht zu ihrer Familiengruppe geh\u00f6ren.<br \/>\nVerwendung der Maske in den \u00f6ffentlichen Bereichen des Campingplatzes.<br \/>\nDas n\u00e4chste Krankenhaus befindet sich in Peschiera del Garda, nur 4 km entfernt (Clinica Pederzoli Tel. 045 6449111).<br \/>\nDie n\u00e4chste Apotheke befindet sich im nur 1 km entfernten Pacengo (Tel. 045 7590073).<br \/>\nWENN SIE SYMPTOME HABEN:<\/p>\n<p>Wenn Husten, Schnupfen oder andere Symptome oder K\u00f6rpertemperatur &gt; 37,5 \u00b0 C w\u00e4hrend des Aufenthalts auftreten<br \/>\nIsolieren Sie sich von anderen anwesenden Personen, bleiben Sie auf Ihrem Stellplatz und befolgen Sie die Anweisungen unseres Personals.<br \/>\nDie Stellpl\u00e4tze sind gro\u00df und gut definiert, sie sind so angelegt, dass der Abstand zwischen den verschiedenen G\u00e4sten gew\u00e4hrleistet ist.<\/p>\n<p><strong>TOILETTE:<\/strong><\/p>\n<p>Es liegt in der Verantwortung unserer Struktur, Gemeinschaftsr\u00e4ume und Toiletten zu desinfizieren.<br \/>\n\u00dcberpr\u00fcfen Sie vor der Benutzung des Waschbottichs die Verf\u00fcgbarkeit der Station selbst<br \/>\nSTORNIERUNG:<br \/>\nBis 7 Tage vor Anreise k\u00f6nnen Sie kostenlos stornieren.<br \/>\nWenn Sie innerhalb von 3 Tagen vor der geplanten Ankunft stornieren, wird Ihnen nur die erste Nacht in Rechnung gestellt.<br \/>\nWenn Sie nicht erscheinen, m\u00fcssen Sie den Gesamtbetrag der Reservierung bezahlen.<\/p>\n<p><strong>COVID 2021<\/strong>: Bei nachgewiesener Schlie\u00dfung der italienischen Grenzen und \/ oder anderer ausl\u00e4ndischer Staaten (Lockdown) ist die Stornierung kostenlos, ansonsten bleiben unsere Stornierungsbedingungen g\u00fcltig.<\/p>\n<p><strong>Datenschutz<\/strong>: Die im Zusammenhang mit der COVID-19-Verordnung erfassten personenbezogenen Daten und die damit verbundenen Verfahren folgen den Verfahren, die f\u00fcr die Verarbeitung personenbezogener Daten vorgesehen sind, deren Aufbewahrung f\u00fcr die gesamte Saison und m\u00f6glicherweise f\u00fcr weitere Zeit erforderlich ist zur Wahrung landwirtschaftlicher Campingrechte bei gerichtlichen oder au\u00dfergerichtlichen und\/oder Verwaltungsstellen.<\/p>\n","protected":false},"excerpt":{"rendered":"<p>VERORDNUNG ZUR BEK\u00c4MPFUNG DER VERBREITUNG VON COVID-19 Ihr Aufenthalt in unserem Agricamping wird sicher sein, wenn Sie diese einfachen Regeln befolgen: Personen mit einer K\u00f6rpertemperatur \u00fcber 37,5 \u00b0C ist das Betreten des Campingplatzes nicht gestattet. Einhaltung des Mindestabstands von 1 Meter zu Personen, die nicht zu ihrer Familiengruppe geh\u00f6ren. Verwendung der Maske in den \u00f6ffentlichen [&hellip;]<\/p>\n","protected":false},"author":1,"featured_media":0,"parent":0,"menu_order":0,"comment_status":"closed","ping_status":"closed","template":"","meta":{"inline_featured_image":false,"ngg_post_thumbnail":0,"_joinchat":[],"footnotes":""},"class_list":["post-4529","page","type-page","status-publish","hentry"],"yoast_head":"<!-- This site is optimized with the Yoast SEO plugin v19.3 - https:\/\/yoast.com\/wordpress\/plugins\/seo\/ -->\n<title>Sicherer Urlaub - Green Camp Bridge<\/title>\n<meta name=\"robots\" content=\"index, follow, max-snippet:-1, max-image-preview:large, max-video-preview:-1\" \/>\n<link rel=\"canonical\" href=\"https:\/\/digital-specialist.it\/greencampbridge\/de\/vacanza-in-sicurezza\/\" \/>\n<meta property=\"og:locale\" content=\"de_DE\" \/>\n<meta property=\"og:type\" content=\"article\" \/>\n<meta property=\"og:title\" content=\"Sicherer Urlaub - Green Camp Bridge\" \/>\n<meta property=\"og:description\" content=\"VERORDNUNG ZUR BEK\u00c4MPFUNG DER VERBREITUNG VON COVID-19 Ihr Aufenthalt in unserem Agricamping wird sicher sein, wenn Sie diese einfachen Regeln befolgen: Personen mit einer K\u00f6rpertemperatur \u00fcber 37,5 \u00b0C ist das Betreten des Campingplatzes nicht gestattet. Einhaltung des Mindestabstands von 1 Meter zu Personen, die nicht zu ihrer Familiengruppe geh\u00f6ren. Verwendung der Maske in den \u00f6ffentlichen [&hellip;]\" \/>\n<meta property=\"og:url\" content=\"https:\/\/digital-specialist.it\/greencampbridge\/de\/vacanza-in-sicurezza\/\" \/>\n<meta property=\"og:site_name\" content=\"Green Camp Bridge\" \/>\n<meta property=\"article:modified_time\" content=\"2022-07-29T14:26:22+00:00\" \/>\n<meta name=\"twitter:card\" content=\"summary_large_image\" \/>\n<meta name=\"twitter:label1\" content=\"Gesch\u00e4tzte Lesezeit\" \/>\n\t<meta name=\"twitter:data1\" content=\"1\u00a0Minute\" \/>\n<script type=\"application\/ld+json\" class=\"yoast-schema-graph\">{\"@context\":\"https:\/\/schema.org\",\"@graph\":[{\"@type\":\"Organization\",\"@id\":\"https:\/\/digital-specialist.it\/greencampbridge\/#organization\",\"name\":\"Green Camp Bridge\",\"url\":\"https:\/\/digital-specialist.it\/greencampbridge\/\",\"sameAs\":[],\"logo\":{\"@type\":\"ImageObject\",\"inLanguage\":\"de\",\"@id\":\"https:\/\/digital-specialist.it\/greencampbridge\/#\/schema\/logo\/image\/\",\"url\":\"https:\/\/www.greencampbridge.it\/wp-content\/uploads\/2021\/08\/logo_vect_400-70.svg\",\"contentUrl\":\"https:\/\/www.greencampbridge.it\/wp-content\/uploads\/2021\/08\/logo_vect_400-70.svg\",\"width\":400,\"height\":70,\"caption\":\"Green Camp Bridge\"},\"image\":{\"@id\":\"https:\/\/digital-specialist.it\/greencampbridge\/#\/schema\/logo\/image\/\"}},{\"@type\":\"WebSite\",\"@id\":\"https:\/\/digital-specialist.it\/greencampbridge\/#website\",\"url\":\"https:\/\/digital-specialist.it\/greencampbridge\/\",\"name\":\"Green Camp Bridge\",\"description\":\"Agricampeggio\",\"publisher\":{\"@id\":\"https:\/\/digital-specialist.it\/greencampbridge\/#organization\"},\"potentialAction\":[{\"@type\":\"SearchAction\",\"target\":{\"@type\":\"EntryPoint\",\"urlTemplate\":\"https:\/\/digital-specialist.it\/greencampbridge\/?s={search_term_string}\"},\"query-input\":\"required name=search_term_string\"}],\"inLanguage\":\"de\"},{\"@type\":\"WebPage\",\"@id\":\"https:\/\/digital-specialist.it\/greencampbridge\/de\/vacanza-in-sicurezza\/\",\"url\":\"https:\/\/digital-specialist.it\/greencampbridge\/de\/vacanza-in-sicurezza\/\",\"name\":\"Sicherer Urlaub - Green Camp Bridge\",\"isPartOf\":{\"@id\":\"https:\/\/digital-specialist.it\/greencampbridge\/#website\"},\"datePublished\":\"2021-08-08T21:37:52+00:00\",\"dateModified\":\"2022-07-29T14:26:22+00:00\",\"breadcrumb\":{\"@id\":\"https:\/\/digital-specialist.it\/greencampbridge\/de\/vacanza-in-sicurezza\/#breadcrumb\"},\"inLanguage\":\"de\",\"potentialAction\":[{\"@type\":\"ReadAction\",\"target\":[\"https:\/\/digital-specialist.it\/greencampbridge\/de\/vacanza-in-sicurezza\/\"]}]},{\"@type\":\"BreadcrumbList\",\"@id\":\"https:\/\/digital-specialist.it\/greencampbridge\/de\/vacanza-in-sicurezza\/#breadcrumb\",\"itemListElement\":[{\"@type\":\"ListItem\",\"position\":1,\"name\":\"Home\",\"item\":\"https:\/\/www.greencampbridge.it\/de\/\"},{\"@type\":\"ListItem\",\"position\":2,\"name\":\"Sicherer Urlaub\"}]}]}<\/script>\n<!-- \/ Yoast SEO plugin. -->","yoast_head_json":{"title":"Sicherer Urlaub - Green Camp Bridge","robots":{"index":"index","follow":"follow","max-snippet":"max-snippet:-1","max-image-preview":"max-image-preview:large","max-video-preview":"max-video-preview:-1"},"canonical":"https:\/\/digital-specialist.it\/greencampbridge\/de\/vacanza-in-sicurezza\/","og_locale":"de_DE","og_type":"article","og_title":"Sicherer Urlaub - Green Camp Bridge","og_description":"VERORDNUNG ZUR BEK\u00c4MPFUNG DER VERBREITUNG VON COVID-19 Ihr Aufenthalt in unserem Agricamping wird sicher sein, wenn Sie diese einfachen Regeln befolgen: Personen mit einer K\u00f6rpertemperatur \u00fcber 37,5 \u00b0C ist das Betreten des Campingplatzes nicht gestattet. Einhaltung des Mindestabstands von 1 Meter zu Personen, die nicht zu ihrer Familiengruppe geh\u00f6ren. Verwendung der Maske in den \u00f6ffentlichen [&hellip;]","og_url":"https:\/\/digital-specialist.it\/greencampbridge\/de\/vacanza-in-sicurezza\/","og_site_name":"Green Camp Bridge","article_modified_time":"2022-07-29T14:26:22+00:00","twitter_card":"summary_large_image","twitter_misc":{"Gesch\u00e4tzte Lesezeit":"1\u00a0Minute"},"schema":{"@context":"https:\/\/schema.org","@graph":[{"@type":"Organization","@id":"https:\/\/digital-specialist.it\/greencampbridge\/#organization","name":"Green Camp Bridge","url":"https:\/\/digital-specialist.it\/greencampbridge\/","sameAs":[],"logo":{"@type":"ImageObject","inLanguage":"de","@id":"https:\/\/digital-specialist.it\/greencampbridge\/#\/schema\/logo\/image\/","url":"https:\/\/www.greencampbridge.it\/wp-content\/uploads\/2021\/08\/logo_vect_400-70.svg","contentUrl":"https:\/\/www.greencampbridge.it\/wp-content\/uploads\/2021\/08\/logo_vect_400-70.svg","width":400,"height":70,"caption":"Green Camp Bridge"},"image":{"@id":"https:\/\/digital-specialist.it\/greencampbridge\/#\/schema\/logo\/image\/"}},{"@type":"WebSite","@id":"https:\/\/digital-specialist.it\/greencampbridge\/#website","url":"https:\/\/digital-specialist.it\/greencampbridge\/","name":"Green Camp Bridge","description":"Agricampeggio","publisher":{"@id":"https:\/\/digital-specialist.it\/greencampbridge\/#organization"},"potentialAction":[{"@type":"SearchAction","target":{"@type":"EntryPoint","urlTemplate":"https:\/\/digital-specialist.it\/greencampbridge\/?s={search_term_string}"},"query-input":"required name=search_term_string"}],"inLanguage":"de"},{"@type":"WebPage","@id":"https:\/\/digital-specialist.it\/greencampbridge\/de\/vacanza-in-sicurezza\/","url":"https:\/\/digital-specialist.it\/greencampbridge\/de\/vacanza-in-sicurezza\/","name":"Sicherer Urlaub - Green Camp Bridge","isPartOf":{"@id":"https:\/\/digital-specialist.it\/greencampbridge\/#website"},"datePublished":"2021-08-08T21:37:52+00:00","dateModified":"2022-07-29T14:26:22+00:00","breadcrumb":{"@id":"https:\/\/digital-specialist.it\/greencampbridge\/de\/vacanza-in-sicurezza\/#breadcrumb"},"inLanguage":"de","potentialAction":[{"@type":"ReadAction","target":["https:\/\/digital-specialist.it\/greencampbridge\/de\/vacanza-in-sicurezza\/"]}]},{"@type":"BreadcrumbList","@id":"https:\/\/digital-specialist.it\/greencampbridge\/de\/vacanza-in-sicurezza\/#breadcrumb","itemListElement":[{"@type":"ListItem","position":1,"name":"Home","item":"https:\/\/www.greencampbridge.it\/de\/"},{"@type":"ListItem","position":2,"name":"Sicherer Urlaub"}]}]}},"_links":{"self":[{"href":"https:\/\/www.greencampbridge.it\/de\/wp-json\/wp\/v2\/pages\/4529","targetHints":{"allow":["GET"]}}],"collection":[{"href":"https:\/\/www.greencampbridge.it\/de\/wp-json\/wp\/v2\/pages"}],"about":[{"href":"https:\/\/www.greencampbridge.it\/de\/wp-json\/wp\/v2\/types\/page"}],"author":[{"embeddable":true,"href":"https:\/\/www.greencampbridge.it\/de\/wp-json\/wp\/v2\/users\/1"}],"replies":[{"embeddable":true,"href":"https:\/\/www.greencampbridge.it\/de\/wp-json\/wp\/v2\/comments?post=4529"}],"version-history":[{"count":3,"href":"https:\/\/www.greencampbridge.it\/de\/wp-json\/wp\/v2\/pages\/4529\/revisions"}],"predecessor-version":[{"id":5362,"href":"https:\/\/www.greencampbridge.it\/de\/wp-json\/wp\/v2\/pages\/4529\/revisions\/5362"}],"wp:attachment":[{"href":"https:\/\/www.greencampbridge.it\/de\/wp-json\/wp\/v2\/media?parent=4529"}],"curies":[{"name":"wp","href":"https:\/\/api.w.org\/{rel}","templated":true}]}}