{"id":4522,"date":"2021-09-22T19:30:30","date_gmt":"2021-09-22T19:30:30","guid":{"rendered":"https:\/\/greencampbridge.it\/prenota\/"},"modified":"2026-01-11T20:47:00","modified_gmt":"2026-01-11T19:47:00","slug":"prenota","status":"publish","type":"page","link":"https:\/\/www.greencampbridge.it\/de\/prenota\/","title":{"rendered":"Buchen"},"content":{"rendered":"\t\t<div data-elementor-type=\"wp-page\" data-elementor-id=\"4522\" class=\"elementor elementor-4522 elementor-2071\" data-elementor-settings=\"[]\">\n\t\t\t\t\t\t\t<div class=\"elementor-section-wrap\">\n\t\t\t\t\t\t\t<section class=\"elementor-section elementor-top-section elementor-element elementor-element-1f595f3c elementor-section-full_width elementor-section-height-default elementor-section-height-default\" data-id=\"1f595f3c\" data-element_type=\"section\">\n\t\t\t\t\t\t<div class=\"elementor-container elementor-column-gap-default\">\n\t\t\t\t\t<div class=\"elementor-column elementor-col-100 elementor-top-column elementor-element elementor-element-2a50071\" data-id=\"2a50071\" data-element_type=\"column\">\n\t\t\t<div class=\"elementor-widget-wrap elementor-element-populated\">\n\t\t\t\t\t\t\t\t<div class=\"elementor-element elementor-element-ae51627 elementor-widget elementor-widget-shortcode\" data-id=\"ae51627\" data-element_type=\"widget\" data-widget_type=\"shortcode.default\">\n\t\t\t\t<div class=\"elementor-widget-container\">\n\t\t\t\t\t<div class=\"elementor-shortcode\">\n<\/div>\n\t\t\t\t<\/div>\n\t\t\t\t<\/div>\n\t\t\t\t\t<\/div>\n\t\t<\/div>\n\t\t\t\t\t\t\t<\/div>\n\t\t<\/section>\n\t\t\t\t<section class=\"elementor-section elementor-top-section elementor-element elementor-element-652d48e elementor-section-boxed elementor-section-height-default elementor-section-height-default\" data-id=\"652d48e\" data-element_type=\"section\">\n\t\t\t\t\t\t<div class=\"elementor-container elementor-column-gap-default\">\n\t\t\t\t\t<div class=\"elementor-column elementor-col-100 elementor-top-column elementor-element elementor-element-a97cf2a\" data-id=\"a97cf2a\" data-element_type=\"column\">\n\t\t\t<div class=\"elementor-widget-wrap elementor-element-populated\">\n\t\t\t\t\t\t\t\t<div class=\"elementor-element elementor-element-b634c72 elementor-widget elementor-widget-text-editor\" data-id=\"b634c72\" data-element_type=\"widget\" data-widget_type=\"text-editor.default\">\n\t\t\t\t<div class=\"elementor-widget-container\">\n\t\t\t\t\t\t\t<h4><span style=\"color: #006838;\">F\u00fcr Fahrzeuge \u00fcber 10 m L\u00e4nge:<\/span><\/h4><p><strong>&#8211; See:<\/strong> 01 &#8211; 02 &#8211; 09 &#8211; 10 &#8211; 10A<br \/><strong>&#8211; Zentral:<\/strong> 21 &#8211; 22 &#8211; 24 &#8211; 25 &#8211; 28<br \/><strong>&#8211; Panorama:<\/strong> 11 &#8211; 12 &#8211; 15 &#8211; 16 &#8211; 17<\/p><h4><span style=\"color: #006838;\">F\u00fcr Fahrzeuge bis zu einer L\u00e4nge von 9,5 m:<\/span><\/h4><p><strong>&#8211; See:<\/strong> 02 &#8211; 03 &#8211; 05 &#8211; 06 &#8211; 07 &#8211; 08<br \/><strong>&#8211; <\/strong><strong>Zentral:<\/strong> alle Stellpl\u00e4tze<br \/><strong>&#8211; Panorama:<\/strong> alle Stellpl\u00e4tze<\/p><h4><span style=\"color: #006838;\">F\u00fcr Fahrzeuge mit einer L\u00e4nge von bis zu 8 m:<\/span><\/h4><p>&#8211; Vorrang haben die Stellpl\u00e4tze, die auf dem Plan am weitesten rechts liegen.<\/p><h4>ACHTUNG!:<\/h4><p><strong>Aus Gr\u00fcnden der logistischen Optimierung beh\u00e4lt sich die Direktion das Recht vor, die reservierten Stellpl\u00e4tze zu \u00e4ndern und Sie rechtzeitig dar\u00fcber zu informieren.<\/strong><\/p><h4><span style=\"color: #ff0000;\">ANKUNFT:<\/span> nach 12:00 Uhr, vor 21:00 Uhr.<br \/><span style=\"color: #ff0000;\">ABREISE:<\/span> bis 12:00 Uhr den Stellplatz r\u00e4umen.<\/h4><h4><span style=\"color: #ff0000;\">KOSTEN F\u00dcR DIE STORNIERUNG DER BUCHUNG:<\/span><\/h4><p><strong>\u2028- <\/strong><strong>bis zu 10 Tage vorher:<\/strong> kostenlose Stornierung (ausser Anzahlung, nicht erstattungsfaehig)<br \/><strong>\u2028- bis zu 4 Tage vorher:<\/strong> 50% der Buchung zu bezahlen<br \/><strong>\u2028- innerhalb von 3 Tagen vorher:<\/strong> 100% der Buchung zu bezahlen<\/p><p>M\u00f6glichkeit der Zahlung per <strong><span style=\"color: #006838;\">PayPal<\/span><\/strong> und <strong><span style=\"color: #006838;\">Carta di Credito<\/span><\/strong>.<\/p>\t\t\t\t\t\t<\/div>\n\t\t\t\t<\/div>\n\t\t\t\t\t<\/div>\n\t\t<\/div>\n\t\t\t\t\t\t\t<\/div>\n\t\t<\/section>\n\t\t\t\t<section class=\"elementor-section elementor-top-section elementor-element elementor-element-b509afb elementor-section-full_width elementor-section-height-default elementor-section-height-default\" data-id=\"b509afb\" data-element_type=\"section\">\n\t\t\t\t\t\t<div class=\"elementor-container elementor-column-gap-default\">\n\t\t\t\t\t<div class=\"elementor-column elementor-col-100 elementor-top-column elementor-element elementor-element-0a6827d\" data-id=\"0a6827d\" data-element_type=\"column\">\n\t\t\t<div class=\"elementor-widget-wrap elementor-element-populated\">\n\t\t\t\t\t\t\t\t<div class=\"elementor-element elementor-element-5d7d511 elementor-widget-divider--view-line elementor-widget elementor-widget-divider\" data-id=\"5d7d511\" data-element_type=\"widget\" data-widget_type=\"divider.default\">\n\t\t\t\t<div class=\"elementor-widget-container\">\n\t\t\t\t\t<div class=\"elementor-divider\">\n\t\t\t<span class=\"elementor-divider-separator\">\n\t\t\t\t\t\t<\/span>\n\t\t<\/div>\n\t\t\t\t<\/div>\n\t\t\t\t<\/div>\n\t\t\t\t<div class=\"elementor-element elementor-element-592e39d elementor-position-left elementor-view-default elementor-vertical-align-top elementor-widget elementor-widget-icon-box\" data-id=\"592e39d\" data-element_type=\"widget\" data-widget_type=\"icon-box.default\">\n\t\t\t\t<div class=\"elementor-widget-container\">\n\t\t\t\t\t<div class=\"elementor-icon-box-wrapper\">\n\t\t\t\t\t\t<div class=\"elementor-icon-box-icon\">\n\t\t\t\t<a class=\"elementor-icon elementor-animation-\" href=\"https:\/\/www.greencampbridge.it\/wp-content\/uploads\/2026\/01\/REGOLAMENTO-2026-DE-rev.04.pdf\" target=\"_blank\">\n\t\t\t\t<i aria-hidden=\"true\" class=\"far fa-file-pdf\"><\/i>\t\t\t\t<\/a>\n\t\t\t<\/div>\n\t\t\t\t\t\t<div class=\"elementor-icon-box-content\">\n\t\t\t\t<h4 class=\"elementor-icon-box-title\">\n\t\t\t\t\t<a href=\"https:\/\/www.greencampbridge.it\/wp-content\/uploads\/2026\/01\/REGOLAMENTO-2026-DE-rev.04.pdf\" target=\"_blank\" >\n\t\t\t\t\t\tPDF-VERORDNUNG\t\t\t\t\t<\/a>\n\t\t\t\t<\/h4>\n\t\t\t\t\t\t\t\t\t<p class=\"elementor-icon-box-description\">\n\t\t\t\t\t\tLaden Sie die Gesch\u00e4ftsordnung des Agricamping im PDF-Format herunter.\t\t\t\t\t<\/p>\n\t\t\t\t\t\t\t<\/div>\n\t\t<\/div>\n\t\t\t\t<\/div>\n\t\t\t\t<\/div>\n\t\t\t\t<div class=\"elementor-element elementor-element-c5f90d8 elementor-widget elementor-widget-heading\" data-id=\"c5f90d8\" data-element_type=\"widget\" data-widget_type=\"heading.default\">\n\t\t\t\t<div class=\"elementor-widget-container\">\n\t\t\t<h2 class=\"elementor-heading-title elementor-size-default\">KARTE Green Camp Bridge<\/h2>\t\t<\/div>\n\t\t\t\t<\/div>\n\t\t\t\t<div class=\"elementor-element elementor-element-4af171e elementor-widget elementor-widget-text-editor\" data-id=\"4af171e\" data-element_type=\"widget\" data-widget_type=\"text-editor.default\">\n\t\t\t\t<div class=\"elementor-widget-container\">\n\t\t\t\t\t\t\t<h4><span style=\"color: # 006838;\"> KLICKEN Sie unten auf die roten Punkte, um die NUMMERIERUNG in der vergr\u00f6\u00dferten Karte zu ENTDECKEN und IHREN LIEBLINGSSTELLPLATZ AUSZUW\u00c4HLEN. <\/span><\/h4><p>KARTENLEGENDE:<br \/><img loading=\"lazy\" decoding=\"async\" src=\"https:\/\/greencampbridge.it\/wp-content\/uploads\/2021\/10\/icona_rossa.png\" alt=\"\" width=\"43\" height=\"43\" \/> KLICKE oben mit der Maus um die <strong> ERWEITERUNG <\/strong> des Bereichs mit den <strong> Stellplatznummern <\/strong> zu sehen.<br \/><img decoding=\"async\" class=\"alignnone size-full wp-image-2888\" src=\"https:\/\/greencampbridge.it\/wp-content\/uploads\/2021\/10\/icona_freccia_nera.jpg\" alt=\"\" width=\"43 \" height=\" 43 \" \/> KLICKEN Sie oben mit der Maus, um die Beschreibung zu lesen.<\/p>\t\t\t\t\t\t<\/div>\n\t\t\t\t<\/div>\n\t\t\t\t<div class=\"elementor-element elementor-element-ec61459 elementor-widget elementor-widget-text-editor\" data-id=\"ec61459\" data-element_type=\"widget\" data-widget_type=\"text-editor.default\">\n\t\t\t\t<div class=\"elementor-widget-container\">\n\t\t\t\t\t\t\t<div id=\"image-map-pro-1771\"><\/div><p>\u00a0<\/p>\t\t\t\t\t\t<\/div>\n\t\t\t\t<\/div>\n\t\t\t\t<div class=\"elementor-element elementor-element-d504aff elementor-widget elementor-widget-text-editor\" data-id=\"d504aff\" data-element_type=\"widget\" data-widget_type=\"text-editor.default\">\n\t\t\t\t<div class=\"elementor-widget-container\">\n\t\t\t\t\t\t\t<p><strong> Green Camp Bridge <\/strong> verf\u00fcgt \u00fcber 2 Bereiche mit Stellpl\u00e4tzen: einen namens &#8220;<strong> FRONT LAKE <\/strong> &#8221; (n\u00e4her am See), ein &#8220;<strong>CENTRAL<\/strong>&#8221; im mittleren Bereich und ein &#8220;<strong>PANORAMIC<\/strong>&#8221; (n\u00e4her am Dienstleistungszentrum).. <em>Der Gardasee bleibt von jedem einzelnen Stellplatz sichtbar<\/em> und vom Agricamping gibt es einen direkten Zugang zum Radweg &#8220;Lungolago Riare&#8221;, der am Ufer des Sees entlangf\u00fchrt.Das Servicezentrum umfasst hei\u00dfe Duschen, Waschbecken und Waschbecken auch extern. Es gibt auch einen Camper-Service f\u00fcr die Beladung mit Trinkwasser und die Abwasserentsorgung.<\/p>\t\t\t\t\t\t<\/div>\n\t\t\t\t<\/div>\n\t\t\t\t<div class=\"elementor-element elementor-element-ad26651 elementor-widget elementor-widget-button\" data-id=\"ad26651\" data-element_type=\"widget\" data-widget_type=\"button.default\">\n\t\t\t\t<div class=\"elementor-widget-container\">\n\t\t\t\t\t<div class=\"elementor-button-wrapper\">\n\t\t\t<a href=\"https:\/\/greencampbridge.it\/chi_siamo\/\" class=\"elementor-button-link elementor-button elementor-size-md\" role=\"button\">\n\t\t\t\t\t\t<span class=\"elementor-button-content-wrapper\">\n\t\t\t\t\t\t<span class=\"elementor-button-text\">Finde mehr heraus<\/span>\n\t\t<\/span>\n\t\t\t\t\t<\/a>\n\t\t<\/div>\n\t\t\t\t<\/div>\n\t\t\t\t<\/div>\n\t\t\t\t\t<\/div>\n\t\t<\/div>\n\t\t\t\t\t\t\t<\/div>\n\t\t<\/section>\n\t\t\t\t<section class=\"elementor-section elementor-top-section elementor-element elementor-element-3048078 elementor-section-full_width elementor-section-height-default elementor-section-height-default\" data-id=\"3048078\" data-element_type=\"section\">\n\t\t\t\t\t\t<div class=\"elementor-container elementor-column-gap-default\">\n\t\t\t\t\t<div class=\"elementor-column elementor-col-100 elementor-top-column elementor-element elementor-element-41e4401\" data-id=\"41e4401\" data-element_type=\"column\">\n\t\t\t<div class=\"elementor-widget-wrap elementor-element-populated\">\n\t\t\t\t\t\t\t\t<div class=\"elementor-element elementor-element-88cc4cb elementor-widget-divider--view-line elementor-widget elementor-widget-divider\" data-id=\"88cc4cb\" data-element_type=\"widget\" data-widget_type=\"divider.default\">\n\t\t\t\t<div class=\"elementor-widget-container\">\n\t\t\t\t\t<div class=\"elementor-divider\">\n\t\t\t<span class=\"elementor-divider-separator\">\n\t\t\t\t\t\t<\/span>\n\t\t<\/div>\n\t\t\t\t<\/div>\n\t\t\t\t<\/div>\n\t\t\t\t<div class=\"elementor-element elementor-element-e419334 elementor-widget elementor-widget-heading\" data-id=\"e419334\" data-element_type=\"widget\" data-widget_type=\"heading.default\">\n\t\t\t\t<div class=\"elementor-widget-container\">\n\t\t\t<h2 class=\"elementor-heading-title elementor-size-default\">Die Stellpl\u00e4tze<\/h2>\t\t<\/div>\n\t\t\t\t<\/div>\n\t\t\t\t<div class=\"elementor-element elementor-element-91ab5cd elementor-widget elementor-widget-shortcode\" data-id=\"91ab5cd\" data-element_type=\"widget\" data-widget_type=\"shortcode.default\">\n\t\t\t\t<div class=\"elementor-widget-container\">\n\t\t\t\t\t<div class=\"elementor-shortcode\">\n\n<\/div>\n\t\t\t\t<\/div>\n\t\t\t\t<\/div>\n\t\t\t\t\t<\/div>\n\t\t<\/div>\n\t\t\t\t\t\t\t<\/div>\n\t\t<\/section>\n\t\t\t\t<section class=\"elementor-section elementor-top-section elementor-element elementor-element-802022a elementor-section-boxed elementor-section-height-default elementor-section-height-default\" data-id=\"802022a\" data-element_type=\"section\">\n\t\t\t\t\t\t<div class=\"elementor-container elementor-column-gap-default\">\n\t\t\t\t\t<div class=\"elementor-column elementor-col-100 elementor-top-column elementor-element elementor-element-01b04a3\" data-id=\"01b04a3\" data-element_type=\"column\">\n\t\t\t<div class=\"elementor-widget-wrap elementor-element-populated\">\n\t\t\t\t\t\t\t\t<div class=\"elementor-element elementor-element-25c2e3a elementor-widget elementor-widget-heading\" data-id=\"25c2e3a\" data-element_type=\"widget\" data-settings=\"{&quot;_animation&quot;:&quot;none&quot;}\" data-widget_type=\"heading.default\">\n\t\t\t\t<div class=\"elementor-widget-container\">\n\t\t\t<h2 class=\"elementor-heading-title elementor-size-default\">Buchen Sie jetzt!<\/h2>\t\t<\/div>\n\t\t\t\t<\/div>\n\t\t\t\t\t<\/div>\n\t\t<\/div>\n\t\t\t\t\t\t\t<\/div>\n\t\t<\/section>\n\t\t\t\t<section class=\"elementor-section elementor-top-section elementor-element elementor-element-28d4428 elementor-section-boxed elementor-section-height-default elementor-section-height-default\" data-id=\"28d4428\" data-element_type=\"section\">\n\t\t\t\t\t\t<div class=\"elementor-container elementor-column-gap-default\">\n\t\t\t\t\t<div class=\"elementor-column elementor-col-100 elementor-top-column elementor-element elementor-element-c350e19\" data-id=\"c350e19\" data-element_type=\"column\">\n\t\t\t<div class=\"elementor-widget-wrap elementor-element-populated\">\n\t\t\t\t\t\t\t\t<div class=\"elementor-element elementor-element-df1faf3 elementor-widget elementor-widget-shortcode\" data-id=\"df1faf3\" data-element_type=\"widget\" data-widget_type=\"shortcode.default\">\n\t\t\t\t<div class=\"elementor-widget-container\">\n\t\t\t\t\t<div class=\"elementor-shortcode\"><\/div>\n\t\t\t\t<\/div>\n\t\t\t\t<\/div>\n\t\t\t\t\t<\/div>\n\t\t<\/div>\n\t\t\t\t\t\t\t<\/div>\n\t\t<\/section>\n\t\t\t\t\t\t<\/div>\n\t\t\t\t\t<\/div>\n\t\t","protected":false},"excerpt":{"rendered":"<p>F\u00fcr Fahrzeuge \u00fcber 10 m L\u00e4nge: &#8211; See: 01 &#8211; 02 &#8211; 09 &#8211; 10 &#8211; 10A&#8211; Zentral: 21 &#8211; 22 &#8211; 24 &#8211; 25 &#8211; 28&#8211; Panorama: 11 &#8211; 12 &#8211; 15 &#8211; 16 &#8211; 17 F\u00fcr Fahrzeuge bis zu einer L\u00e4nge von 9,5 m: &#8211; See: 02 &#8211; 03 &#8211; 05 &#8211; 06 [&hellip;]<\/p>\n","protected":false},"author":1,"featured_media":5207,"parent":0,"menu_order":0,"comment_status":"closed","ping_status":"closed","template":"template-page-wide.php","meta":{"inline_featured_image":false,"ngg_post_thumbnail":0,"_joinchat":[],"footnotes":""},"class_list":["post-4522","page","type-page","status-publish","has-post-thumbnail","hentry"],"yoast_head":"<!-- This site is optimized with the Yoast SEO plugin v19.3 - https:\/\/yoast.com\/wordpress\/plugins\/seo\/ -->\n<title>Buchen - Green Camp Bridge<\/title>\n<meta name=\"robots\" content=\"index, follow, max-snippet:-1, max-image-preview:large, max-video-preview:-1\" \/>\n<link rel=\"canonical\" href=\"https:\/\/www.greencampbridge.it\/de\/prenota\/\" \/>\n<meta property=\"og:locale\" content=\"de_DE\" \/>\n<meta property=\"og:type\" content=\"article\" \/>\n<meta property=\"og:title\" content=\"Buchen - Green Camp Bridge\" \/>\n<meta property=\"og:description\" content=\"F\u00fcr Fahrzeuge \u00fcber 10 m L\u00e4nge: &#8211; See: 01 &#8211; 02 &#8211; 09 &#8211; 10 &#8211; 10A&#8211; Zentral: 21 &#8211; 22 &#8211; 24 &#8211; 25 &#8211; 28&#8211; Panorama: 11 &#8211; 12 &#8211; 15 &#8211; 16 &#8211; 17 F\u00fcr Fahrzeuge bis zu einer L\u00e4nge von 9,5 m: &#8211; See: 02 &#8211; 03 &#8211; 05 &#8211; 06 [&hellip;]\" \/>\n<meta property=\"og:url\" content=\"https:\/\/www.greencampbridge.it\/de\/prenota\/\" \/>\n<meta property=\"og:site_name\" content=\"Green Camp Bridge\" \/>\n<meta property=\"article:modified_time\" content=\"2026-01-11T19:47:00+00:00\" \/>\n<meta property=\"og:image\" content=\"https:\/\/www.greencampbridge.it\/wp-content\/uploads\/2022\/07\/fascia14.jpg\" \/>\n\t<meta property=\"og:image:width\" content=\"1960\" \/>\n\t<meta property=\"og:image:height\" content=\"266\" \/>\n\t<meta property=\"og:image:type\" content=\"image\/jpeg\" \/>\n<meta name=\"twitter:card\" content=\"summary_large_image\" \/>\n<meta name=\"twitter:label1\" content=\"Gesch\u00e4tzte Lesezeit\" \/>\n\t<meta name=\"twitter:data1\" content=\"2\u00a0Minuten\" \/>\n<script type=\"application\/ld+json\" class=\"yoast-schema-graph\">{\"@context\":\"https:\/\/schema.org\",\"@graph\":[{\"@type\":\"Organization\",\"@id\":\"https:\/\/digital-specialist.it\/greencampbridge\/#organization\",\"name\":\"Green Camp Bridge\",\"url\":\"https:\/\/digital-specialist.it\/greencampbridge\/\",\"sameAs\":[],\"logo\":{\"@type\":\"ImageObject\",\"inLanguage\":\"de\",\"@id\":\"https:\/\/digital-specialist.it\/greencampbridge\/#\/schema\/logo\/image\/\",\"url\":\"https:\/\/www.greencampbridge.it\/wp-content\/uploads\/2021\/08\/logo_vect_400-70.svg\",\"contentUrl\":\"https:\/\/www.greencampbridge.it\/wp-content\/uploads\/2021\/08\/logo_vect_400-70.svg\",\"width\":400,\"height\":70,\"caption\":\"Green Camp Bridge\"},\"image\":{\"@id\":\"https:\/\/digital-specialist.it\/greencampbridge\/#\/schema\/logo\/image\/\"}},{\"@type\":\"WebSite\",\"@id\":\"https:\/\/digital-specialist.it\/greencampbridge\/#website\",\"url\":\"https:\/\/digital-specialist.it\/greencampbridge\/\",\"name\":\"Green Camp Bridge\",\"description\":\"Agricampeggio\",\"publisher\":{\"@id\":\"https:\/\/digital-specialist.it\/greencampbridge\/#organization\"},\"potentialAction\":[{\"@type\":\"SearchAction\",\"target\":{\"@type\":\"EntryPoint\",\"urlTemplate\":\"https:\/\/digital-specialist.it\/greencampbridge\/?s={search_term_string}\"},\"query-input\":\"required name=search_term_string\"}],\"inLanguage\":\"de\"},{\"@type\":\"ImageObject\",\"inLanguage\":\"de\",\"@id\":\"https:\/\/www.greencampbridge.it\/de\/prenota\/#primaryimage\",\"url\":\"https:\/\/www.greencampbridge.it\/wp-content\/uploads\/2022\/07\/fascia14.jpg\",\"contentUrl\":\"https:\/\/www.greencampbridge.it\/wp-content\/uploads\/2022\/07\/fascia14.jpg\",\"width\":1960,\"height\":266},{\"@type\":\"WebPage\",\"@id\":\"https:\/\/www.greencampbridge.it\/de\/prenota\/\",\"url\":\"https:\/\/www.greencampbridge.it\/de\/prenota\/\",\"name\":\"Buchen - Green Camp Bridge\",\"isPartOf\":{\"@id\":\"https:\/\/digital-specialist.it\/greencampbridge\/#website\"},\"primaryImageOfPage\":{\"@id\":\"https:\/\/www.greencampbridge.it\/de\/prenota\/#primaryimage\"},\"datePublished\":\"2021-09-22T19:30:30+00:00\",\"dateModified\":\"2026-01-11T19:47:00+00:00\",\"breadcrumb\":{\"@id\":\"https:\/\/www.greencampbridge.it\/de\/prenota\/#breadcrumb\"},\"inLanguage\":\"de\",\"potentialAction\":[{\"@type\":\"ReadAction\",\"target\":[\"https:\/\/www.greencampbridge.it\/de\/prenota\/\"]}]},{\"@type\":\"BreadcrumbList\",\"@id\":\"https:\/\/www.greencampbridge.it\/de\/prenota\/#breadcrumb\",\"itemListElement\":[{\"@type\":\"ListItem\",\"position\":1,\"name\":\"Home\",\"item\":\"https:\/\/www.greencampbridge.it\/de\/\"},{\"@type\":\"ListItem\",\"position\":2,\"name\":\"Buchen\"}]}]}<\/script>\n<!-- \/ Yoast SEO plugin. -->","yoast_head_json":{"title":"Buchen - Green Camp Bridge","robots":{"index":"index","follow":"follow","max-snippet":"max-snippet:-1","max-image-preview":"max-image-preview:large","max-video-preview":"max-video-preview:-1"},"canonical":"https:\/\/www.greencampbridge.it\/de\/prenota\/","og_locale":"de_DE","og_type":"article","og_title":"Buchen - Green Camp Bridge","og_description":"F\u00fcr Fahrzeuge \u00fcber 10 m L\u00e4nge: &#8211; See: 01 &#8211; 02 &#8211; 09 &#8211; 10 &#8211; 10A&#8211; Zentral: 21 &#8211; 22 &#8211; 24 &#8211; 25 &#8211; 28&#8211; Panorama: 11 &#8211; 12 &#8211; 15 &#8211; 16 &#8211; 17 F\u00fcr Fahrzeuge bis zu einer L\u00e4nge von 9,5 m: &#8211; See: 02 &#8211; 03 &#8211; 05 &#8211; 06 [&hellip;]","og_url":"https:\/\/www.greencampbridge.it\/de\/prenota\/","og_site_name":"Green Camp Bridge","article_modified_time":"2026-01-11T19:47:00+00:00","og_image":[{"width":1960,"height":266,"url":"https:\/\/www.greencampbridge.it\/wp-content\/uploads\/2022\/07\/fascia14.jpg","type":"image\/jpeg"}],"twitter_card":"summary_large_image","twitter_misc":{"Gesch\u00e4tzte Lesezeit":"2\u00a0Minuten"},"schema":{"@context":"https:\/\/schema.org","@graph":[{"@type":"Organization","@id":"https:\/\/digital-specialist.it\/greencampbridge\/#organization","name":"Green Camp Bridge","url":"https:\/\/digital-specialist.it\/greencampbridge\/","sameAs":[],"logo":{"@type":"ImageObject","inLanguage":"de","@id":"https:\/\/digital-specialist.it\/greencampbridge\/#\/schema\/logo\/image\/","url":"https:\/\/www.greencampbridge.it\/wp-content\/uploads\/2021\/08\/logo_vect_400-70.svg","contentUrl":"https:\/\/www.greencampbridge.it\/wp-content\/uploads\/2021\/08\/logo_vect_400-70.svg","width":400,"height":70,"caption":"Green Camp Bridge"},"image":{"@id":"https:\/\/digital-specialist.it\/greencampbridge\/#\/schema\/logo\/image\/"}},{"@type":"WebSite","@id":"https:\/\/digital-specialist.it\/greencampbridge\/#website","url":"https:\/\/digital-specialist.it\/greencampbridge\/","name":"Green Camp Bridge","description":"Agricampeggio","publisher":{"@id":"https:\/\/digital-specialist.it\/greencampbridge\/#organization"},"potentialAction":[{"@type":"SearchAction","target":{"@type":"EntryPoint","urlTemplate":"https:\/\/digital-specialist.it\/greencampbridge\/?s={search_term_string}"},"query-input":"required name=search_term_string"}],"inLanguage":"de"},{"@type":"ImageObject","inLanguage":"de","@id":"https:\/\/www.greencampbridge.it\/de\/prenota\/#primaryimage","url":"https:\/\/www.greencampbridge.it\/wp-content\/uploads\/2022\/07\/fascia14.jpg","contentUrl":"https:\/\/www.greencampbridge.it\/wp-content\/uploads\/2022\/07\/fascia14.jpg","width":1960,"height":266},{"@type":"WebPage","@id":"https:\/\/www.greencampbridge.it\/de\/prenota\/","url":"https:\/\/www.greencampbridge.it\/de\/prenota\/","name":"Buchen - Green Camp Bridge","isPartOf":{"@id":"https:\/\/digital-specialist.it\/greencampbridge\/#website"},"primaryImageOfPage":{"@id":"https:\/\/www.greencampbridge.it\/de\/prenota\/#primaryimage"},"datePublished":"2021-09-22T19:30:30+00:00","dateModified":"2026-01-11T19:47:00+00:00","breadcrumb":{"@id":"https:\/\/www.greencampbridge.it\/de\/prenota\/#breadcrumb"},"inLanguage":"de","potentialAction":[{"@type":"ReadAction","target":["https:\/\/www.greencampbridge.it\/de\/prenota\/"]}]},{"@type":"BreadcrumbList","@id":"https:\/\/www.greencampbridge.it\/de\/prenota\/#breadcrumb","itemListElement":[{"@type":"ListItem","position":1,"name":"Home","item":"https:\/\/www.greencampbridge.it\/de\/"},{"@type":"ListItem","position":2,"name":"Buchen"}]}]}},"_links":{"self":[{"href":"https:\/\/www.greencampbridge.it\/de\/wp-json\/wp\/v2\/pages\/4522","targetHints":{"allow":["GET"]}}],"collection":[{"href":"https:\/\/www.greencampbridge.it\/de\/wp-json\/wp\/v2\/pages"}],"about":[{"href":"https:\/\/www.greencampbridge.it\/de\/wp-json\/wp\/v2\/types\/page"}],"author":[{"embeddable":true,"href":"https:\/\/www.greencampbridge.it\/de\/wp-json\/wp\/v2\/users\/1"}],"replies":[{"embeddable":true,"href":"https:\/\/www.greencampbridge.it\/de\/wp-json\/wp\/v2\/comments?post=4522"}],"version-history":[{"count":115,"href":"https:\/\/www.greencampbridge.it\/de\/wp-json\/wp\/v2\/pages\/4522\/revisions"}],"predecessor-version":[{"id":8262,"href":"https:\/\/www.greencampbridge.it\/de\/wp-json\/wp\/v2\/pages\/4522\/revisions\/8262"}],"wp:featuredmedia":[{"embeddable":true,"href":"https:\/\/www.greencampbridge.it\/de\/wp-json\/wp\/v2\/media\/5207"}],"wp:attachment":[{"href":"https:\/\/www.greencampbridge.it\/de\/wp-json\/wp\/v2\/media?parent=4522"}],"curies":[{"name":"wp","href":"https:\/\/api.w.org\/{rel}","templated":true}]}}